{"id":12906,"date":"2020-01-21T22:39:17","date_gmt":"2020-01-21T20:39:17","guid":{"rendered":"http:\/\/www.gmboardgames.com\/blog\/?page_id=12906"},"modified":"2020-06-16T14:37:59","modified_gmt":"2020-06-16T12:37:59","slug":"kampanie","status":"publish","type":"page","link":"https:\/\/www.gmboardgames.com\/blog\/kampanie\/","title":{"rendered":"KAMPANIE"},"content":{"rendered":"\n<p>Kampanie do gry to wspania\u0142a rozrywka, kt\u00f3ra s\u0142u\u017cy nie tylko urozmaiceniu gier towarzyskich, turniej\u00f3w czy megabitew, ale tak\u017ce nadaje im dodatkowy sens. Gracze nie tylko walcz\u0105 o zwyci\u0119stwo w ca\u0142ej bitwie, ale r\u00f3wnie\u017c zdobywaj\u0105 terytoria dla swojej nacji i decyduj\u0105 o wyniku wojny.<br>Najwa\u017cniejsze jest to, \u017ce KA\u017bDY mo\u017ce uczestniczy\u0107 w kampanii do gry. Wystarczy tylko napisa\u0107 raport bitewny, okraszony kilkoma zdj\u0119ciami. Szczeg\u00f3\u0142y znajdziecie w regulaminach do bie\u017c\u0105cej kampanii.<\/p>\n\n\n\n<p><a href=\"http:\/\/www.gmboardgames.com\/blog\/kampania-2020\/\">Kampania 2020 (AKTUALNA)<\/a><\/p>\n\n\n\n<p>Archiwalne kampanie (kliknij, aby prze\u015bledzi\u0107 ich losy):<\/p>\n\n\n\n<p><a href=\"http:\/\/www.gmboardgames.com\/blog\/kampania-2019-campaign-2019\/\">Kampania 2019<\/a><\/p>\n\n\n\n<p><a href=\"http:\/\/www.gmboardgames.com\/blog\/liga-w-bw-lee-i-mini-kampania-gods-of-war-lee-league-and-mini-campaign\/\">Kampania 2018<\/a><\/p>\n","protected":false},"excerpt":{"rendered":"<p>Kampanie do gry to wspania\u0142a rozrywka, kt\u00f3ra s\u0142u\u017cy nie tylko urozmaiceniu gier towarzyskich, turniej\u00f3w czy megabitew, ale tak\u017ce nadaje im dodatkowy sens. Gracze nie tylko walcz\u0105 o zwyci\u0119stwo w ca\u0142ej bitwie, ale r\u00f3wnie\u017c zdobywaj\u0105 terytoria dla swojej nacji i decyduj\u0105 o wyniku wojny.Najwa\u017cniejsze jest to, \u017ce KA\u017bDY mo\u017ce uczestniczy\u0107 w kampanii do gry. Wystarczy tylko &hellip; <a href=\"https:\/\/www.gmboardgames.com\/blog\/kampanie\/\" class=\"more-link\">Czytaj dalej <span class=\"screen-reader-text\">KAMPANIE<\/span> <span class=\"meta-nav\">&rarr;<\/span><\/a><\/p>\n","protected":false},"author":1,"featured_media":13648,"parent":0,"menu_order":0,"comment_status":"closed","ping_status":"closed","template":"","meta":{"footnotes":""},"class_list":["post-12906","page","type-page","status-publish","has-post-thumbnail","hentry"],"_links":{"self":[{"href":"https:\/\/www.gmboardgames.com\/blog\/wp-json\/wp\/v2\/pages\/12906","targetHints":{"allow":["GET"]}}],"collection":[{"href":"https:\/\/www.gmboardgames.com\/blog\/wp-json\/wp\/v2\/pages"}],"about":[{"href":"https:\/\/www.gmboardgames.com\/blog\/wp-json\/wp\/v2\/types\/page"}],"author":[{"embeddable":true,"href":"https:\/\/www.gmboardgames.com\/blog\/wp-json\/wp\/v2\/users\/1"}],"replies":[{"embeddable":true,"href":"https:\/\/www.gmboardgames.com\/blog\/wp-json\/wp\/v2\/comments?post=12906"}],"version-history":[{"count":2,"href":"https:\/\/www.gmboardgames.com\/blog\/wp-json\/wp\/v2\/pages\/12906\/revisions"}],"predecessor-version":[{"id":12912,"href":"https:\/\/www.gmboardgames.com\/blog\/wp-json\/wp\/v2\/pages\/12906\/revisions\/12912"}],"wp:featuredmedia":[{"embeddable":true,"href":"https:\/\/www.gmboardgames.com\/blog\/wp-json\/wp\/v2\/media\/13648"}],"wp:attachment":[{"href":"https:\/\/www.gmboardgames.com\/blog\/wp-json\/wp\/v2\/media?parent=12906"}],"curies":[{"name":"wp","href":"https:\/\/api.w.org\/{rel}","templated":true}]}}