{"id":10849,"date":"2018-12-22T14:55:25","date_gmt":"2018-12-22T14:55:25","guid":{"rendered":"http:\/\/www.gmboardgames.com\/blog\/?page_id=10849"},"modified":"2025-06-22T09:03:03","modified_gmt":"2025-06-22T07:03:03","slug":"download","status":"publish","type":"page","link":"https:\/\/www.gmboardgames.com\/blog\/download\/","title":{"rendered":"Pliki do pobrania BW: Lee"},"content":{"rendered":"\n<div id=\"ez-toc-container\" class=\"ez-toc-v2_0_76 counter-hierarchy ez-toc-counter ez-toc-grey ez-toc-container-direction\">\n<div class=\"ez-toc-title-container\">\n<p class=\"ez-toc-title\" style=\"cursor:inherit\">Table of Contents<\/p>\n<span class=\"ez-toc-title-toggle\"><a href=\"#\" class=\"ez-toc-pull-right ez-toc-btn ez-toc-btn-xs ez-toc-btn-default ez-toc-toggle\" aria-label=\"Toggle Table of Content\"><span class=\"ez-toc-js-icon-con\"><span class=\"\"><span class=\"eztoc-hide\" style=\"display:none;\">Toggle<\/span><span class=\"ez-toc-icon-toggle-span\"><svg style=\"fill: #999;color:#999\" xmlns=\"http:\/\/www.w3.org\/2000\/svg\" class=\"list-377408\" width=\"20px\" height=\"20px\" viewBox=\"0 0 24 24\" fill=\"none\"><path d=\"M6 6H4v2h2V6zm14 0H8v2h12V6zM4 11h2v2H4v-2zm16 0H8v2h12v-2zM4 16h2v2H4v-2zm16 0H8v2h12v-2z\" fill=\"currentColor\"><\/path><\/svg><svg style=\"fill: #999;color:#999\" class=\"arrow-unsorted-368013\" xmlns=\"http:\/\/www.w3.org\/2000\/svg\" width=\"10px\" height=\"10px\" viewBox=\"0 0 24 24\" version=\"1.2\" baseProfile=\"tiny\"><path d=\"M18.2 9.3l-6.2-6.3-6.2 6.3c-.2.2-.3.4-.3.7s.1.5.3.7c.2.2.4.3.7.3h11c.3 0 .5-.1.7-.3.2-.2.3-.5.3-.7s-.1-.5-.3-.7zM5.8 14.7l6.2 6.3 6.2-6.3c.2-.2.3-.5.3-.7s-.1-.5-.3-.7c-.2-.2-.4-.3-.7-.3h-11c-.3 0-.5.1-.7.3-.2.2-.3.5-.3.7s.1.5.3.7z\"\/><\/svg><\/span><\/span><\/span><\/a><\/span><\/div>\n<nav><ul class='ez-toc-list ez-toc-list-level-1 ' ><li class='ez-toc-page-1 ez-toc-heading-level-1'><a class=\"ez-toc-link ez-toc-heading-1\" href=\"https:\/\/www.gmboardgames.com\/blog\/download\/#Druga_edycja_podrecznika\" >Druga edycja podr\u0119cznika<\/a><ul class='ez-toc-list-level-3' ><li class='ez-toc-heading-level-3'><ul class='ez-toc-list-level-3' ><li class='ez-toc-heading-level-3'><a class=\"ez-toc-link ez-toc-heading-2\" href=\"https:\/\/www.gmboardgames.com\/blog\/download\/#Aktualizacja_v21\" >Aktualizacja v2.1<\/a><\/li><li class='ez-toc-page-1 ez-toc-heading-level-3'><a class=\"ez-toc-link ez-toc-heading-3\" href=\"https:\/\/www.gmboardgames.com\/blog\/download\/#Dodatek_Napoleon_III\" >Dodatek Napoleon III<\/a><\/li><li class='ez-toc-page-1 ez-toc-heading-level-3'><a class=\"ez-toc-link ez-toc-heading-4\" href=\"https:\/\/www.gmboardgames.com\/blog\/download\/#Poszczegolne_rozdzialy\" >Poszczeg\u00f3lne rozdzia\u0142y<\/a><\/li><li class='ez-toc-page-1 ez-toc-heading-level-3'><a class=\"ez-toc-link ez-toc-heading-5\" href=\"https:\/\/www.gmboardgames.com\/blog\/download\/#Skrot_%E2%80%93_najwazniejsze_modyfikatory_i_tabele\" >Skr\u00f3t &#8211; najwa\u017cniejsze modyfikatory i tabele<\/a><\/li><li class='ez-toc-page-1 ez-toc-heading-level-3'><a class=\"ez-toc-link ez-toc-heading-6\" href=\"https:\/\/www.gmboardgames.com\/blog\/download\/#Znaczniki_dla_wszystkich_nacji\" >Znaczniki dla wszystkich nacji<\/a><\/li><li class='ez-toc-page-1 ez-toc-heading-level-3'><a class=\"ez-toc-link ez-toc-heading-7\" href=\"https:\/\/www.gmboardgames.com\/blog\/download\/#Znaczniki_dla_armii_brytyjskiej_starsze_wzory\" >Znaczniki dla armii brytyjskiej (starsze wzory)<\/a><\/li><li class='ez-toc-page-1 ez-toc-heading-level-3'><a class=\"ez-toc-link ez-toc-heading-8\" href=\"https:\/\/www.gmboardgames.com\/blog\/download\/#Poradnik_malowania_oddzialow\" >Poradnik malowania oddzia\u0142\u00f3w<\/a><\/li><\/ul><\/li><\/ul><\/li><li class='ez-toc-page-1 ez-toc-heading-level-1'><a class=\"ez-toc-link ez-toc-heading-9\" href=\"https:\/\/www.gmboardgames.com\/blog\/download\/#Pierwsza_edycja_podrecznika\" >Pierwsza edycja podr\u0119cznika<\/a><ul class='ez-toc-list-level-3' ><li class='ez-toc-heading-level-3'><ul class='ez-toc-list-level-3' ><li class='ez-toc-heading-level-3'><a class=\"ez-toc-link ez-toc-heading-10\" href=\"https:\/\/www.gmboardgames.com\/blog\/download\/#FAQ_i_errata_do_1_edycji_gry\" >FAQ i errata do 1. edycji gry.<\/a><\/li><li class='ez-toc-page-1 ez-toc-heading-level-3'><a class=\"ez-toc-link ez-toc-heading-11\" href=\"https:\/\/www.gmboardgames.com\/blog\/download\/#Znaczniki_rozkazow_markery_itd\" >Znaczniki rozkaz\u00f3w, markery itd.:<\/a><\/li><li class='ez-toc-page-1 ez-toc-heading-level-3'><a class=\"ez-toc-link ez-toc-heading-12\" href=\"https:\/\/www.gmboardgames.com\/blog\/download\/#Znaczniki_punktow_strategicznych\" >Znaczniki punkt\u00f3w strategicznych:<\/a><\/li><li class='ez-toc-page-1 ez-toc-heading-level-3'><a class=\"ez-toc-link ez-toc-heading-13\" href=\"https:\/\/www.gmboardgames.com\/blog\/download\/#Znaczniki_brygad_do_przyklejenia_na_podstawkach\" >Znaczniki brygad do przyklejenia na podstawkach:<\/a><\/li><li class='ez-toc-page-1 ez-toc-heading-level-3'><a class=\"ez-toc-link ez-toc-heading-14\" href=\"https:\/\/www.gmboardgames.com\/blog\/download\/#Sciagawka_do_BW-Lee\" >\u015aci\u0105gawka do BW-Lee:<\/a><\/li><li class='ez-toc-page-1 ez-toc-heading-level-3'><a class=\"ez-toc-link ez-toc-heading-15\" href=\"https:\/\/www.gmboardgames.com\/blog\/download\/#Przykladowe_korpusy_dla_Konfederacji_i_Unii_na_rozpoczecie_przygody_z_gra\" >Przyk\u0142adowe korpusy dla Konfederacji i Unii (na rozpocz\u0119cie przygody z gr\u0105):<\/a><\/li><li class='ez-toc-page-1 ez-toc-heading-level-3'><a class=\"ez-toc-link ez-toc-heading-16\" href=\"https:\/\/www.gmboardgames.com\/blog\/download\/#Przykladowe_scenariusze_do_gry\" >Przyk\u0142adowe scenariusze do gry:<\/a><\/li><li class='ez-toc-page-1 ez-toc-heading-level-3'><a class=\"ez-toc-link ez-toc-heading-17\" href=\"https:\/\/www.gmboardgames.com\/blog\/download\/#Poradnik_malowania_oddzialow-2\" >Poradnik malowania oddzia\u0142\u00f3w:<\/a><\/li><\/ul><\/li><\/ul><\/li><\/ul><\/nav><\/div>\n<h1 class=\"wp-block-heading\"><span class=\"ez-toc-section\" id=\"Druga_edycja_podrecznika\"><\/span>Druga edycja podr\u0119cznika<span class=\"ez-toc-section-end\"><\/span><\/h1>\n\n\n\n<h3 class=\"wp-block-heading\"><span class=\"ez-toc-section\" id=\"Aktualizacja_v21\"><\/span>Aktualizacja v2.1<span class=\"ez-toc-section-end\"><\/span><\/h3>\n\n\n\n<p>Link do aktualizacji:<strong><br><\/strong><a href=\"http:\/\/www.gmboardgames.com\/lee\/aktualizacja_zasad_2.1.pdf\">http:\/\/www.gmboardgames.com\/lee\/aktualizacja_zasad_2.1.pdf<\/a><\/p>\n\n\n\n<h3 class=\"wp-block-heading\"><span class=\"ez-toc-section\" id=\"Dodatek_Napoleon_III\"><\/span>Dodatek Napoleon III<span class=\"ez-toc-section-end\"><\/span><\/h3>\n\n\n\n<p>Dodatek wprowadza armi\u0119 francusk\u0105 na lata 1854 &#8211; 1856 i 1859 rok. Umo\u017cliwia on rozegranie wielu scenariuszy na zasadzie &#8222;co by by\u0142o gdyby?&#8221;.<\/p>\n\n\n\n<p><a href=\"https:\/\/drive.google.com\/file\/d\/1_Swj61dMiFKxfZyDH3ciEeQSBPUmzUd3\/view?usp=sharing\">LINK &#8211; wersja wysokiej rozdzielczo\u015bci (179,6 MB)<\/a><\/p>\n\n\n\n<p><a href=\"https:\/\/drive.google.com\/file\/d\/1YV41iI5LOsXYHv2KHdbx45Q9_I2ugCwB\/view?usp=sharing\">LINK &#8211; wersja ni\u017cszej rozdzielczo\u015bci (78,5 MB)<\/a><\/p>\n\n\n\n<h3 class=\"wp-block-heading\"><span class=\"ez-toc-section\" id=\"Poszczegolne_rozdzialy\"><\/span>Poszczeg\u00f3lne rozdzia\u0142y<span class=\"ez-toc-section-end\"><\/span><\/h3>\n\n\n\n<p>Poni\u017cej prezentujemy rozdzia\u0142y II. edycji podr\u0119cznika do <em>BW: Lee<\/em>. <br>Jest to wersja sprzed ostatecznego sk\u0142adu, dlatego rozdzia\u0142y nie posiadaj\u0105 numeracji stron i indeksu. <br>Je\u015bli gra lub zasady si\u0119 spodobaj\u0105, to zach\u0119camy do zakupu <a rel=\"noreferrer noopener\" href=\"https:\/\/www.bolter.pl\/pl\/p\/BOGOWIE-WOJNY-LEE-PODRECZNIK-DO-2.-EDYCJI-PL\/14499\" target=\"_blank\">pe\u0142nego podr\u0119cznika<\/a>.<\/p>\n\n\n\n<p>Rozdzia\u0142 1: Wprowadzenie do gry<br>Link: <a href=\"http:\/\/www.gmboardgames.com\/lee\/rozdzial1.pdf\">http:\/\/www.gmboardgames.com\/lee\/rozdzial1.pdf<\/a><\/p>\n\n\n\n<p>Rozdzia\u0142 2: Oddzia\u0142y<br><a href=\"http:\/\/www.gmboardgames.com\/lee\/rozdzial2.pdf\">http:\/\/www.gmboardgames.com\/lee\/rozdzial2.pdf<\/a><\/p>\n\n\n\n<p>Rozdzia\u0142 3: Przebieg tury<br><a href=\"http:\/\/www.gmboardgames.com\/lee\/rozdzial3.pdf\">http:\/\/www.gmboardgames.com\/lee\/rozdzial3.pdf<\/a><\/p>\n\n\n\n<p>Rozdzia\u0142 4: Dowodzenie<br><a href=\"http:\/\/www.gmboardgames.com\/lee\/rozdzial4.pdf\">http:\/\/www.gmboardgames.com\/lee\/rozdzial4.pdf<\/a><\/p>\n\n\n\n<p>Rozdzia\u0142 5: Karty<br><a href=\"http:\/\/www.gmboardgames.com\/lee\/rozdzial5.pdf\">http:\/\/www.gmboardgames.com\/lee\/rozdzial5.pdf<\/a><\/p>\n\n\n\n<p>Rozdzia\u0142 6: Rozstawienie jednostek i ruchy znacznik\u00f3w patroli<br><a href=\"http:\/\/www.gmboardgames.com\/lee\/rozdzial6.pdf\">http:\/\/www.gmboardgames.com\/lee\/rozdzial6.pdf<\/a><\/p>\n\n\n\n<p>Rozdzia\u0142 7: Ruch<br><a href=\"http:\/\/www.gmboardgames.com\/lee\/rozdzial7.pdf\">http:\/\/www.gmboardgames.com\/lee\/rozdzial7.pdf<\/a><\/p>\n\n\n\n<p>Rozdzia\u0142 8: Artyleria<br><a href=\"http:\/\/www.gmboardgames.com\/lee\/rozdzial8.pdf\">http:\/\/www.gmboardgames.com\/lee\/rozdzial8.pdf<\/a><\/p>\n\n\n\n<p>Rozdzia\u0142 9: Walka ogniowa i wr\u0119cz<br><a href=\"http:\/\/www.gmboardgames.com\/lee\/rozdzial9.pdf\">http:\/\/www.gmboardgames.com\/lee\/rozdzial9.pdf<\/a><\/p>\n\n\n\n<p>Rozdzia\u0142 10 Teren<br><a href=\"http:\/\/www.gmboardgames.com\/lee\/rozdzial10.pdf\">http:\/\/www.gmboardgames.com\/lee\/rozdzial10.pdf<\/a><\/p>\n\n\n\n<p>Rozdzia\u0142 11 Faza reorganizacji i morale armii<br> <a href=\"http:\/\/www.gmboardgames.com\/lee\/rozdzial11.pdf\">http:\/\/www.gmboardgames.com\/lee\/rozdzial11.pdf<\/a> <\/p>\n\n\n\n<p>Rozdzia\u0142 12 Zasady specjalne<br><a href=\"http:\/\/www.gmboardgames.com\/lee\/rozdzial12.pdf\">http:\/\/www.gmboardgames.com\/lee\/rozdzial12.pdf<\/a><\/p>\n\n\n\n<p>Rozdzia\u0142 13 Przygotowanie gry<br><a href=\"http:\/\/www.gmboardgames.com\/lee\/rozdzial13.pdf\">http:\/\/www.gmboardgames.com\/lee\/rozdzial13.pdf<\/a><\/p>\n\n\n\n<p>Rozdzia\u0142 14 Zako\u0144czenie bitwy<br> <a href=\"http:\/\/www.gmboardgames.com\/lee\/rozdzial14.pdf\">http:\/\/www.gmboardgames.com\/lee\/rozdzial14.pdf<\/a> <\/p>\n\n\n\n<p>Rozdzia\u0142 15 Wystawianie armii<br><a href=\"http:\/\/www.gmboardgames.com\/lee\/rozdzial15.pdf\">http:\/\/www.gmboardgames.com\/lee\/rozdzial15.pdf<\/a><\/p>\n\n\n\n<p>Rozdzia\u0142 16 Armie Unii i Konfederacji<br><a href=\"http:\/\/www.gmboardgames.com\/lee\/rozdzial16.pdf\">http:\/\/www.gmboardgames.com\/lee\/rozdzial16.pdf<\/a><\/p>\n\n\n\n<p>AKTUALIZACJA ZASAD v2.1<br><a href=\"http:\/\/www.gmboardgames.com\/lee\/aktualizacja_zasad_2.1.pdf\" target=\"_blank\" rel=\"noreferrer noopener\">http:\/\/www.gmboardgames.com\/lee\/aktualizacja_zasad_2.1.pdf<\/a><\/p>\n\n\n\n<h3 class=\"wp-block-heading\"><span class=\"ez-toc-section\" id=\"Skrot_%E2%80%93_najwazniejsze_modyfikatory_i_tabele\"><\/span>Skr\u00f3t &#8211; najwa\u017cniejsze modyfikatory i tabele<span class=\"ez-toc-section-end\"><\/span><\/h3>\n\n\n\n<p>Dwustronicowa \u015bci\u0105gawka z najwa\u017cniejszymi modyfikatorami i tabelami.<\/p>\n\n\n\n<p><a href=\"http:\/\/www.gmboardgames.com\/lee\/moditabele.pdf\">http:\/\/www.gmboardgames.com\/lee\/moditabele.pdf<\/a><\/p>\n\n\n\n<h3 class=\"wp-block-heading\"><span class=\"ez-toc-section\" id=\"Znaczniki_dla_wszystkich_nacji\"><\/span>Znaczniki dla wszystkich nacji<span class=\"ez-toc-section-end\"><\/span><\/h3>\n\n\n\n<p>Pdf ze znacznikami kontroli punkt\u00f3w strategicznych, punkt\u00f3w  strategicznych, podstawy operacyjnej, balon\u00f3w oraz strefy kontroli.  Znaczniki zosta\u0142y ozdobione kolorami danych nacji, przy czym Brytyjczycy  otrzymali osobne dla armii g\u0142\u00f3wnej i kolonialnej (flaga Kompanii  Wschodnio Indyjskiej).<br>Warto je wydrukowa\u0107 na jak  najgrubszym papierze (np. 300 &#8211; 350g), co zagwarantuje im wi\u0119ksz\u0105 trwa\u0142o\u015b\u0107.  Pliki s\u0105 jednostronne, bo w druku trudno by by\u0142o je spasowa\u0107, ale warto  wydrukowa\u0107 je dwa razy jednostronnie i sklei\u0107 (my tak robimy ze swoimi  znacznikami). <\/p>\n\n\n\n<p><strong>Konfederacja<\/strong>: <a href=\"http:\/\/www.gmboardgames.com\/lee\/strefykonf.pdf\">http:\/\/www.gmboardgames.com\/lee\/strefykonf.pdf<\/a><\/p>\n\n\n\n<p><strong>Unia<\/strong>: <a href=\"http:\/\/www.gmboardgames.com\/lee\/strefyunia.pdf\">http:\/\/www.gmboardgames.com\/lee\/strefyunia.pdf<\/a><\/p>\n\n\n\n<p><strong>Wielka Brytania &#8211; Armia G\u0142\u00f3wna<\/strong>: <a href=\"http:\/\/www.gmboardgames.com\/lee\/strefyuk.pdf\">http:\/\/www.gmboardgames.com\/lee\/strefyuk.pdf<\/a><\/p>\n\n\n\n<p><strong>Wielka Brytania &#8211; Armia Kolonialna<\/strong>: <a href=\"http:\/\/www.gmboardgames.com\/lee\/strefykolonial.pdf\">http:\/\/www.gmboardgames.com\/lee\/strefykolonial.pdf<\/a><\/p>\n\n\n\n<p><strong>Francja<\/strong>: <a href=\"http:\/\/www.gmboardgames.com\/lee\/strefyfra.pdf\">http:\/\/www.gmboardgames.com\/lee\/strefyfra.pdf<\/a><\/p>\n\n\n\n<p><strong>Wszystkie nacje<\/strong> w jednym pliku: <a href=\"http:\/\/www.gmboardgames.com\/lee\/strefywszyscy.pdf\">http:\/\/www.gmboardgames.com\/lee\/strefywszyscy.pdf<\/a><\/p>\n\n\n\n<h3 class=\"wp-block-heading\"><span class=\"ez-toc-section\" id=\"Znaczniki_dla_armii_brytyjskiej_starsze_wzory\"><\/span>Znaczniki dla armii brytyjskiej (starsze wzory)<span class=\"ez-toc-section-end\"><\/span><\/h3>\n\n\n\n<p>Znaczniki dla armii brytyjskiej. Podstawa operacyjna, strefa kontroli, punkty strategiczne, znaczniki patroli i kilka znacznik\u00f3w pomocniczych. Plik nale\u017cy drukowa\u0107 dwustronnie.<\/p>\n\n\n\n<p><a href=\"http:\/\/www.gmboardgames.com\/znacznikiwielkabrytania.pdf\">http:\/\/www.gmboardgames.com\/znacznikiwielkabrytania.pdf<\/a><\/p>\n\n\n\n<h3 class=\"wp-block-heading\"><span class=\"ez-toc-section\" id=\"Poradnik_malowania_oddzialow\"><\/span><strong>Poradnik malowania oddzia\u0142\u00f3w<\/strong><span class=\"ez-toc-section-end\"><\/span><\/h3>\n\n\n\n<p> <a rel=\"noreferrer noopener\" href=\"http:\/\/www.gmboardgames.com\/poradnikmalowaniebwlee.pdf\" target=\"_blank\">http:\/\/www.gmboardgames.com\/poradnikmalowaniebwlee.pdf<\/a><\/p>\n\n\n\n<p>Zawiera informacje dotycz\u0105ce malowania oddzia\u0142\u00f3w Unii i Konfederacji w trakcie wojny secesyjnej oraz podstawowe rady, jak malowa\u0107 jednostki w skali 6 mm.<\/p>\n\n\n\n<p>Plik ma oko\u0142o 19 MB wielko\u015bci i jest przechowywany na serwerze wewn\u0119trznym.<\/p>\n\n\n\n<p>Dodatkowy plik o malowaniu \u017cuaw\u00f3w<strong>:<\/strong><a rel=\"noreferrer noopener\" href=\"http:\/\/www.gmboardgames.com\/zuawi.pdf\" target=\"_blank\">&nbsp;http:\/\/www.gmboardgames.com\/zuawi.pdf<\/a><\/p>\n\n\n\n<p><strong>UWAGA: <\/strong>Poradnik dla wszystkich jednostek w wersji on-line znajduje si\u0119 na tej stronie:<strong> <\/strong><a href=\"http:\/\/www.gmboardgames.com\/blog\/?page_id=10985\">http:\/\/www.gmboardgames.com\/blog\/?page_id=10985<\/a><\/p>\n\n\n\n<p><\/p>\n\n\n<div class=\"wp-block-image\">\n<figure class=\"aligncenter size-large\"><a href=\"http:\/\/www.gmboardgames.com\/blog\/wp-content\/uploads\/2025\/06\/Logo-lee_papier_male.png\"><img loading=\"lazy\" decoding=\"async\" width=\"1024\" height=\"408\" src=\"http:\/\/www.gmboardgames.com\/blog\/wp-content\/uploads\/2025\/06\/Logo-lee_papier_male-1024x408.png\" alt=\"\" class=\"wp-image-17024\" srcset=\"https:\/\/www.gmboardgames.com\/blog\/wp-content\/uploads\/2025\/06\/Logo-lee_papier_male-1024x408.png 1024w, https:\/\/www.gmboardgames.com\/blog\/wp-content\/uploads\/2025\/06\/Logo-lee_papier_male-300x120.png 300w, https:\/\/www.gmboardgames.com\/blog\/wp-content\/uploads\/2025\/06\/Logo-lee_papier_male-768x306.png 768w, https:\/\/www.gmboardgames.com\/blog\/wp-content\/uploads\/2025\/06\/Logo-lee_papier_male.png 1200w\" sizes=\"auto, (max-width: 1024px) 100vw, 1024px\" \/><\/a><\/figure><\/div>\n\n\n<h1 class=\"wp-block-heading\"><span class=\"ez-toc-section\" id=\"Pierwsza_edycja_podrecznika\"><\/span>Pierwsza edycja podr\u0119cznika<span class=\"ez-toc-section-end\"><\/span><\/h1>\n\n\n\n<p>Uwaga &#8211; niekt\u00f3re pliki mog\u0105 nie by\u0107 aktualne dla II edycji, ale zostawiamy je tutaj dla informacji. Zostan\u0105 zast\u0105pione uaktualnionymi plikami do II edycji.<\/p>\n\n\n\n<h3 class=\"wp-block-heading\"><span class=\"ez-toc-section\" id=\"FAQ_i_errata_do_1_edycji_gry\"><\/span><strong>FAQ i errata do 1. edycji gry.<\/strong><span class=\"ez-toc-section-end\"><\/span><\/h3>\n\n\n\n<p><strong><a href=\"http:\/\/www.gmboardgames.com\/leefaq.pdf\">http:\/\/www.gmboardgames.com\/leefaq.pdf<\/a><\/strong><br>FAQ u\u015bci\u015bla wiele zapis\u00f3w z podr\u0119cznika, wprowadza tak\u017ce kilka zmian do obowi\u0105zuj\u0105cych przepis\u00f3w.<\/p>\n\n\n\n<p>Plik ma poni\u017cej 1 MB i jest przechowywany na serwerze wewn\u0119trznym.<\/p>\n\n\n\n<h3 class=\"wp-block-heading\"><span class=\"ez-toc-section\" id=\"Znaczniki_rozkazow_markery_itd\"><\/span><strong>Znaczniki rozkaz\u00f3w, markery itd.: <\/strong><span class=\"ez-toc-section-end\"><\/span><\/h3>\n\n\n\n<p><strong>Nowy wz\u00f3r znacznik\u00f3w: <a href=\"http:\/\/www.gmboardgames.com\/znacznikileenew.pdf\">http:\/\/www.gmboardgames.com\/znacznikileenew.pdf<\/a><\/strong><\/p>\n\n\n\n<p><strong>Stary wz\u00f3r znacznik\u00f3w: <\/strong><a href=\"http:\/\/www.gmboardgames.com\/znacznikilee.pdf\" target=\"_blank\" rel=\"noreferrer noopener\">http:\/\/www.gmboardgames.com\/znacznikilee.pdf<\/a><\/p>\n\n\n\n<p>Znaczniki nale\u017cy wydrukowa\u0107 dwustronnie.<br>\nPlik ma ko\u0142o 5 MB, jest przechowywany na serwerze wewn\u0119trznym.<\/p>\n\n\n\n<h3 class=\"wp-block-heading\"><span class=\"ez-toc-section\" id=\"Znaczniki_punktow_strategicznych\"><\/span><strong>Znaczniki punkt\u00f3w strategicznych:<\/strong><span class=\"ez-toc-section-end\"><\/span><\/h3>\n\n\n\n<p><a rel=\"noreferrer noopener\" href=\"http:\/\/www.gmboardgames.com\/punktystrategiczne.pdf\" target=\"_blank\">http:\/\/www.gmboardgames.com\/punktystrategiczne.pdf<\/a><\/p>\n\n\n\n<p>Znaczniki s\u0105 dwustronne. Plik ma nieca\u0142y 1 MB, jest przechowywany na serwerze wewn\u0119trznym.<\/p>\n\n\n\n<h3 class=\"wp-block-heading\"><span class=\"ez-toc-section\" id=\"Znaczniki_brygad_do_przyklejenia_na_podstawkach\"><\/span><strong>Znaczniki brygad do przyklejenia na podstawkach:<\/strong><span class=\"ez-toc-section-end\"><\/span><\/h3>\n\n\n\n<p> <a rel=\"noreferrer noopener\" href=\"http:\/\/www.gmboardgames.com\/znacznikipodstawek.pdf\" target=\"_blank\">http:\/\/www.gmboardgames.com\/znacznikipodstawek.pdf<\/a><\/p>\n\n\n\n<p>Nale\u017cy je wydrukowa\u0107 na papierze samoprzylepnym\n i przyklei\u0107 z ty\u0142u podstawek. Ka\u017cdy mo\u017ce stosowa\u0107 dowolne oznaczenie \nswoich brygad, to tylko nasza propozycja. Znaczniki wyst\u0119puj\u0105 w dw\u00f3ch \nwersjach; kolorowe i czarno &#8211; bia\u0142e.<\/p>\n\n\n\n<p>Plik ma zaledwie 70 kb i jest przechowywany na serwerze wewn\u0119trznym.<\/p>\n\n\n\n<h3 class=\"wp-block-heading\"><span class=\"ez-toc-section\" id=\"Sciagawka_do_BW-Lee\"><\/span><strong>\u015aci\u0105gawka do BW-Lee:<\/strong> <span class=\"ez-toc-section-end\"><\/span><\/h3>\n\n\n\n<p><a rel=\"noreferrer noopener\" href=\"http:\/\/www.gmboardgames.com\/sciagawkalee.pdf\" target=\"_blank\">http:\/\/www.gmboardgames.com\/sciagawkalee.pdf<\/a><\/p>\n\n\n\n<p>Zawiera skr\u00f3t faz gry, modyfikatory i tabele \nstrzelania oraz walki i spis tre\u015bci do podr\u0119cznika. Warto wydrukowa\u0107 \ndwustronnie i zalaminowa\u0107.<\/p>\n\n\n\n<p>Plik ma ko\u0142o 1 Mb wielko\u015bci i jest przechowywany na serwerze wewn\u0119trznym.<\/p>\n\n\n\n<h3 class=\"wp-block-heading\"><span class=\"ez-toc-section\" id=\"Przykladowe_korpusy_dla_Konfederacji_i_Unii_na_rozpoczecie_przygody_z_gra\"><\/span><strong>Przyk\u0142adowe korpusy dla Konfederacji i Unii (na rozpocz\u0119cie przygody z gr\u0105):<\/strong><span class=\"ez-toc-section-end\"><\/span><\/h3>\n\n\n\n<p> <a rel=\"noreferrer noopener\" href=\"http:\/\/www.gmboardgames.com\/przykladowekorpusy.pdf\" target=\"_blank\">http:\/\/www.gmboardgames.com\/przykladowekorpusy.pdf<\/a><\/p>\n\n\n\n<p>Zawiera po jednym przyk\u0142adowym korpusie dla ka\u017cdej ze stron, od kt\u00f3rego warto rozpocz\u0105\u0107 przygod\u0119 z BW-Lee.<\/p>\n\n\n\n<p>Plik ma oko\u0142o 10 MB wielko\u015bci i jest przechowywany na serwerze wewn\u0119trznym.<\/p>\n\n\n\n<h3 class=\"wp-block-heading\"><span class=\"ez-toc-section\" id=\"Przykladowe_scenariusze_do_gry\"><\/span><strong>Przyk\u0142adowe scenariusze do gry:<\/strong><span class=\"ez-toc-section-end\"><\/span><\/h3>\n\n\n\n<p> <a rel=\"noreferrer noopener\" href=\"http:\/\/www.gmboardgames.com\/przykladowescenariusze.pdf\" target=\"_blank\">http:\/\/www.gmboardgames.com\/przykladowescenariusze.pdf<\/a><\/p>\n\n\n\n<p>Je\u015bli rozstawienie terenu zajmuje Wam za du\u017co \nczasu wypr\u00f3bujcie te 3 scenariusze, kt\u00f3re z g\u00f3ry okre\u015blaj\u0105 jak nale\u017cy \nrozstawi\u0107 teren.<\/p>\n\n\n\n<h3 class=\"wp-block-heading\"><span class=\"ez-toc-section\" id=\"Poradnik_malowania_oddzialow-2\"><\/span><strong>Poradnik malowania oddzia\u0142\u00f3w:<\/strong><span class=\"ez-toc-section-end\"><\/span><\/h3>\n\n\n\n<p> <a rel=\"noreferrer noopener\" href=\"http:\/\/www.gmboardgames.com\/poradnikmalowaniebwlee.pdf\" target=\"_blank\">http:\/\/www.gmboardgames.com\/poradnikmalowaniebwlee.pdf<\/a><\/p>\n\n\n\n<p>Zawiera informacje dotycz\u0105ce malowania oddzia\u0142\u00f3w Unii i Konfederacji w trakcie wojny secesyjnej.<\/p>\n\n\n\n<p>Plik ma oko\u0142o 19 MB wielko\u015bci i jest przechowywany na serwerze wewn\u0119trznym.<\/p>\n\n\n\n<p>Dodatkowy plik o malowaniu \u017cuaw\u00f3w<strong>:<\/strong><a rel=\"noreferrer noopener\" href=\"http:\/\/www.gmboardgames.com\/zuawi.pdf\" target=\"_blank\">&nbsp;http:\/\/www.gmboardgames.com\/zuawi.pdf<\/a><\/p>\n\n\n\n<p><strong>Poradnik dla wszystkich jednostek w wersji on-line znajduje si\u0119 na tej stronie: <\/strong><a href=\"http:\/\/www.gmboardgames.com\/blog\/?page_id=10985\">http:\/\/www.gmboardgames.com\/blog\/?page_id=10985<\/a><\/p>\n\n\n\n<p><\/p>\n","protected":false},"excerpt":{"rendered":"<p>Druga edycja podr\u0119cznika Aktualizacja v2.1 Link do aktualizacji:http:\/\/www.gmboardgames.com\/lee\/aktualizacja_zasad_2.1.pdf Dodatek Napoleon III Dodatek wprowadza armi\u0119 francusk\u0105 na lata 1854 &#8211; 1856 i 1859 rok. Umo\u017cliwia on rozegranie wielu scenariuszy na zasadzie &#8222;co by by\u0142o gdyby?&#8221;. LINK &#8211; wersja wysokiej rozdzielczo\u015bci (179,6 MB) LINK &#8211; wersja ni\u017cszej rozdzielczo\u015bci (78,5 MB) Poszczeg\u00f3lne rozdzia\u0142y Poni\u017cej prezentujemy rozdzia\u0142y II. edycji &hellip; <a href=\"https:\/\/www.gmboardgames.com\/blog\/download\/\" class=\"more-link\">Czytaj dalej <span class=\"screen-reader-text\">Pliki do pobrania BW: Lee<\/span> <span class=\"meta-nav\">&rarr;<\/span><\/a><\/p>\n","protected":false},"author":1,"featured_media":17040,"parent":0,"menu_order":0,"comment_status":"closed","ping_status":"closed","template":"","meta":{"footnotes":""},"class_list":["post-10849","page","type-page","status-publish","has-post-thumbnail","hentry"],"_links":{"self":[{"href":"https:\/\/www.gmboardgames.com\/blog\/wp-json\/wp\/v2\/pages\/10849","targetHints":{"allow":["GET"]}}],"collection":[{"href":"https:\/\/www.gmboardgames.com\/blog\/wp-json\/wp\/v2\/pages"}],"about":[{"href":"https:\/\/www.gmboardgames.com\/blog\/wp-json\/wp\/v2\/types\/page"}],"author":[{"embeddable":true,"href":"https:\/\/www.gmboardgames.com\/blog\/wp-json\/wp\/v2\/users\/1"}],"replies":[{"embeddable":true,"href":"https:\/\/www.gmboardgames.com\/blog\/wp-json\/wp\/v2\/comments?post=10849"}],"version-history":[{"count":38,"href":"https:\/\/www.gmboardgames.com\/blog\/wp-json\/wp\/v2\/pages\/10849\/revisions"}],"predecessor-version":[{"id":17041,"href":"https:\/\/www.gmboardgames.com\/blog\/wp-json\/wp\/v2\/pages\/10849\/revisions\/17041"}],"wp:featuredmedia":[{"embeddable":true,"href":"https:\/\/www.gmboardgames.com\/blog\/wp-json\/wp\/v2\/media\/17040"}],"wp:attachment":[{"href":"https:\/\/www.gmboardgames.com\/blog\/wp-json\/wp\/v2\/media?parent=10849"}],"curies":[{"name":"wp","href":"https:\/\/api.w.org\/{rel}","templated":true}]}}