{"id":14742,"date":"2022-08-18T08:59:04","date_gmt":"2022-08-18T06:59:04","guid":{"rendered":"http:\/\/www.gmboardgames.com\/blog\/?page_id=14742"},"modified":"2023-04-11T16:16:56","modified_gmt":"2023-04-11T14:16:56","slug":"historia","status":"publish","type":"page","link":"http:\/\/www.gmboardgames.com\/blog\/historia\/","title":{"rendered":"HISTORIA"},"content":{"rendered":"\n<p>Druga po\u0142owa XIX wieku to fascynuj\u0105cy okres w dziejach ludzko\u015bci oraz wojskowo\u015bci. To czas gwa\u0142townie rozp\u0119dzaj\u0105cej si\u0119 rewolucji przemys\u0142owej, kt\u00f3ra nie tylko dramatycznie zmienia\u0142a spos\u00f3b \u017cycia ludzi, ale tak\u017ce spos\u00f3b prowadzenia wojen. Cz\u0119sto genera\u0142owie i doktryny armii nie nad\u0105\u017ca\u0142y za gwa\u0142townymi zmianami w technice, co powodowa\u0142o powa\u017cne konsekwencje dla walcz\u0105cych \u017co\u0142nierzy.<\/p>\n\n\n\n<p>Na tej stronie b\u0119dziemy przedstawia\u0107 r\u00f3\u017cne artyku\u0142y, filmy itd., dotycz\u0105ce tego okresu historii, kt\u00f3ry poza sam\u0105 wojn\u0105 secesyjn\u0105, jest zdecydowanie mniej znany w\u015br\u00f3d mi\u0142o\u015bnik\u00f3w militari\u00f3w i wargamingu ni\u017c np. wojny napoleo\u0144skie, czy I i II wojna \u015bwiatowa.<\/p>\n\n\n\n<figure class=\"wp-block-image size-large\"><a href=\"http:\/\/www.gmboardgames.com\/blog\/wp-content\/uploads\/2022\/08\/DSC09142-Kopia.jpg\"><img loading=\"lazy\" decoding=\"async\" width=\"1024\" height=\"351\" src=\"http:\/\/www.gmboardgames.com\/blog\/wp-content\/uploads\/2022\/08\/DSC09142-Kopia-1024x351.jpg\" alt=\"\" class=\"wp-image-14743\" srcset=\"http:\/\/www.gmboardgames.com\/blog\/wp-content\/uploads\/2022\/08\/DSC09142-Kopia-1024x351.jpg 1024w, http:\/\/www.gmboardgames.com\/blog\/wp-content\/uploads\/2022\/08\/DSC09142-Kopia-300x103.jpg 300w, http:\/\/www.gmboardgames.com\/blog\/wp-content\/uploads\/2022\/08\/DSC09142-Kopia-768x263.jpg 768w, http:\/\/www.gmboardgames.com\/blog\/wp-content\/uploads\/2022\/08\/DSC09142-Kopia-1536x526.jpg 1536w, http:\/\/www.gmboardgames.com\/blog\/wp-content\/uploads\/2022\/08\/DSC09142-Kopia.jpg 1600w\" sizes=\"auto, (max-width: 1024px) 100vw, 1024px\" \/><\/a><\/figure>\n\n\n\n<div id=\"ez-toc-container\" class=\"ez-toc-v2_0_76 counter-hierarchy ez-toc-counter ez-toc-grey ez-toc-container-direction\">\n<div class=\"ez-toc-title-container\">\n<p class=\"ez-toc-title\" style=\"cursor:inherit\">Table of Contents<\/p>\n<span class=\"ez-toc-title-toggle\"><a href=\"#\" class=\"ez-toc-pull-right ez-toc-btn ez-toc-btn-xs ez-toc-btn-default ez-toc-toggle\" aria-label=\"Toggle Table of Content\"><span class=\"ez-toc-js-icon-con\"><span class=\"\"><span class=\"eztoc-hide\" style=\"display:none;\">Toggle<\/span><span class=\"ez-toc-icon-toggle-span\"><svg style=\"fill: #999;color:#999\" xmlns=\"http:\/\/www.w3.org\/2000\/svg\" class=\"list-377408\" width=\"20px\" height=\"20px\" viewBox=\"0 0 24 24\" fill=\"none\"><path d=\"M6 6H4v2h2V6zm14 0H8v2h12V6zM4 11h2v2H4v-2zm16 0H8v2h12v-2zM4 16h2v2H4v-2zm16 0H8v2h12v-2z\" fill=\"currentColor\"><\/path><\/svg><svg style=\"fill: #999;color:#999\" class=\"arrow-unsorted-368013\" xmlns=\"http:\/\/www.w3.org\/2000\/svg\" width=\"10px\" height=\"10px\" viewBox=\"0 0 24 24\" version=\"1.2\" baseProfile=\"tiny\"><path d=\"M18.2 9.3l-6.2-6.3-6.2 6.3c-.2.2-.3.4-.3.7s.1.5.3.7c.2.2.4.3.7.3h11c.3 0 .5-.1.7-.3.2-.2.3-.5.3-.7s-.1-.5-.3-.7zM5.8 14.7l6.2 6.3 6.2-6.3c.2-.2.3-.5.3-.7s-.1-.5-.3-.7c-.2-.2-.4-.3-.7-.3h-11c-.3 0-.5.1-.7.3-.2.2-.3.5-.3.7s.1.5.3.7z\"\/><\/svg><\/span><\/span><\/span><\/a><\/span><\/div>\n<nav><ul class='ez-toc-list ez-toc-list-level-1 ' ><li class='ez-toc-page-1 ez-toc-heading-level-3'><a class=\"ez-toc-link ez-toc-heading-1\" href=\"http:\/\/www.gmboardgames.com\/blog\/historia\/#Artykuly\" >Artyku\u0142y<\/a><\/li><li class='ez-toc-page-1 ez-toc-heading-level-3'><a class=\"ez-toc-link ez-toc-heading-2\" href=\"http:\/\/www.gmboardgames.com\/blog\/historia\/#Podcasty_i_filmy\" >Podcasty i filmy<\/a><\/li><\/ul><\/nav><\/div>\n<h3 class=\"wp-block-heading\"><span class=\"ez-toc-section\" id=\"Artykuly\"><\/span>Artyku\u0142y<span class=\"ez-toc-section-end\"><\/span><\/h3>\n\n\n\n<p>Artyku\u0142 Macieja &#8222;Torgilla&#8221; Molczyka na Portalu Strategie na temat rewolucji w uzbrojeniu <strong>w XIX wieku<\/strong>. <a href=\"http:\/\/portal.strategie.net.pl\/index.php?option=com_content&amp;view=article&amp;id=3185:od-muszkietu-do-karabinu-powtarzalnego--historia-pierwszej-gwatownej-rewolucji-w-uzbrojeniu&amp;catid=21:artykuly-historyczne&amp;Itemid=110\">LINK<\/a><\/p>\n\n\n\n<p>Dyskusja na Forum Strategie na temat &#8222;Wp\u0142yw karabinu gwintowanego na taktyk\u0119 piechoty w <strong>wojnie secesyjnej<\/strong>&#8221; oraz ling do angloj\u0119zycznego artyku\u0142u <a href=\"https:\/\/www.strategie.net.pl\/viewtopic.php?f=64&amp;t=15004\">LINK<\/a><\/p>\n\n\n\n<p>Seria \u015bwietnych artyku\u0142\u00f3w Leszka Koz\u0142owskiego i Paw\u0142a Zatryba na temat <strong>wojny krymskiej<\/strong> <a href=\"https:\/\/www.strategie.net.pl\/viewtopic.php?f=64&amp;t=1164\">LINK<\/a><\/p>\n\n\n\n<p>Dyskusja o udziale <strong>Polak\u00f3w w wojnie secesyjnej<\/strong> <a href=\"https:\/\/strategie.net.pl\/viewtopic.php?f=64&amp;t=7413\">LINK<\/a><\/p>\n\n\n\n<p><strong>Interwencja francuska w Meksyku<\/strong> &#8211; artyku\u0142 autorstwa Paw\u0142a Zatryba: <a href=\"https:\/\/strategie.net.pl\/viewtopic.php?f=64&amp;t=19180\">LINK<\/a><\/p>\n\n\n\n<p>Armie Francji, Prus i ich sojusznik\u00f3w w przededniu <strong>wojny z Francj\u0105 w 1870 roku<\/strong>. <a href=\"https:\/\/strategie.net.pl\/viewtopic.php?f=64&amp;t=19185\">LINK<\/a><\/p>\n\n\n\n<h3 class=\"wp-block-heading\"><span class=\"ez-toc-section\" id=\"Podcasty_i_filmy\"><\/span>Podcasty i filmy<span class=\"ez-toc-section-end\"><\/span><\/h3>\n\n\n\n<p>Podcast na kanale Paints of War, gdzie Maciej &#8222;Torgill&#8221; Molczyk opowiada o rewolucji w uzbrojeniu w XIX wieku (wojny l\u0105dowe).<\/p>\n\n\n\n<figure class=\"wp-block-embed is-type-video is-provider-youtube wp-block-embed-youtube wp-embed-aspect-16-9 wp-has-aspect-ratio\"><div class=\"wp-block-embed__wrapper\">\n<iframe loading=\"lazy\" title=\"POPO 59: Szalony XIX wiek\" width=\"474\" height=\"267\" src=\"https:\/\/www.youtube.com\/embed\/l7PEjFxCgq8?feature=oembed\" frameborder=\"0\" allow=\"accelerometer; autoplay; clipboard-write; encrypted-media; gyroscope; picture-in-picture; web-share\" referrerpolicy=\"strict-origin-when-cross-origin\" allowfullscreen><\/iframe>\n<\/div><figcaption>O szalonym wieku XIX<\/figcaption><\/figure>\n\n\n\n<p>Jakie by\u0142y r\u00f3\u017cnice mi\u0119dzy klasami okr\u0119t\u00f3w na prze\u0142omie XIX i XX wieku.<\/p>\n\n\n\n<figure class=\"wp-block-embed is-type-video is-provider-youtube wp-block-embed-youtube wp-embed-aspect-16-9 wp-has-aspect-ratio\"><div class=\"wp-block-embed__wrapper\">\n<iframe loading=\"lazy\" title=\"Klasy okr\u0119t\u00f3w na prze\u0142omie XIX i XX wieku - ma\u0142y przewodnik\" width=\"474\" height=\"267\" src=\"https:\/\/www.youtube.com\/embed\/Naz1gPU5b8Y?feature=oembed\" frameborder=\"0\" allow=\"accelerometer; autoplay; clipboard-write; encrypted-media; gyroscope; picture-in-picture; web-share\" referrerpolicy=\"strict-origin-when-cross-origin\" allowfullscreen><\/iframe>\n<\/div><figcaption>Klasy okr\u0119t\u00f3w na prze\u0142omie XIX i XX wieku<\/figcaption><\/figure>\n\n\n\n<figure class=\"wp-block-embed is-type-video is-provider-youtube wp-block-embed-youtube wp-embed-aspect-16-9 wp-has-aspect-ratio\"><div class=\"wp-block-embed__wrapper\">\n<iframe loading=\"lazy\" title=\"Crimean War (Full Documentary) | Animated History\" width=\"474\" height=\"267\" src=\"https:\/\/www.youtube.com\/embed\/XQ2hme8-9e8?feature=oembed\" frameborder=\"0\" allow=\"accelerometer; autoplay; clipboard-write; encrypted-media; gyroscope; picture-in-picture; web-share\" referrerpolicy=\"strict-origin-when-cross-origin\" allowfullscreen><\/iframe>\n<\/div><figcaption>Wojna Krymska 1853 &#8211; 1856<\/figcaption><\/figure>\n\n\n\n<figure class=\"wp-block-embed is-type-video is-provider-youtube wp-block-embed-youtube wp-embed-aspect-16-9 wp-has-aspect-ratio\"><div class=\"wp-block-embed__wrapper\">\n<iframe loading=\"lazy\" title=\"The Crimean War 1853-1856 (Documentary)\" width=\"474\" height=\"267\" src=\"https:\/\/www.youtube.com\/embed\/Q-8qqDJWvXw?feature=oembed\" frameborder=\"0\" allow=\"accelerometer; autoplay; clipboard-write; encrypted-media; gyroscope; picture-in-picture; web-share\" referrerpolicy=\"strict-origin-when-cross-origin\" allowfullscreen><\/iframe>\n<\/div><figcaption>&#8222;Ostatnia krucjata czy pierwsza nowoczesna wojna. Wojna krymska 1853 &#8211; 1856&#8221;. Film w j\u0119zyku angielskim z kana\u0142u Real Time History.<\/figcaption><\/figure>\n\n\n\n<figure class=\"wp-block-embed is-type-video is-provider-youtube wp-block-embed-youtube wp-embed-aspect-16-9 wp-has-aspect-ratio\"><div class=\"wp-block-embed__wrapper\">\n<iframe loading=\"lazy\" title=\"The History of Zouaves - France in the Crimean War and the Pont de l&#039;Alma [EN\/FR]\" width=\"474\" height=\"267\" src=\"https:\/\/www.youtube.com\/embed\/7_PEz619aTQ?feature=oembed\" frameborder=\"0\" allow=\"accelerometer; autoplay; clipboard-write; encrypted-media; gyroscope; picture-in-picture; web-share\" referrerpolicy=\"strict-origin-when-cross-origin\" allowfullscreen><\/iframe>\n<\/div><figcaption>O \u017cuawach i wojnie krymskiej.<\/figcaption><\/figure>\n\n\n\n<figure class=\"wp-block-embed is-type-video is-provider-youtube wp-block-embed-youtube wp-embed-aspect-16-9 wp-has-aspect-ratio\"><div class=\"wp-block-embed__wrapper\">\n<iframe loading=\"lazy\" title=\"Battle of Solferino, 1859 \u2694\ufe0f Napoleon III and the Fate of Italy \u2694\ufe0f DOCUMENTARY\" width=\"474\" height=\"267\" src=\"https:\/\/www.youtube.com\/embed\/0pKWPZr-MfA?feature=oembed\" frameborder=\"0\" allow=\"accelerometer; autoplay; clipboard-write; encrypted-media; gyroscope; picture-in-picture; web-share\" referrerpolicy=\"strict-origin-when-cross-origin\" allowfullscreen><\/iframe>\n<\/div><figcaption>Druga wojna o niepodleg\u0142o\u015b\u0107 W\u0142och i bitwa pod Solferino<\/figcaption><\/figure>\n\n\n\n<figure class=\"wp-block-embed is-type-video is-provider-youtube wp-block-embed-youtube wp-embed-aspect-16-9 wp-has-aspect-ratio\"><div class=\"wp-block-embed__wrapper\">\n<iframe loading=\"lazy\" title=\"The Civil War Animated Battle Map: 1861-1865\" width=\"474\" height=\"267\" src=\"https:\/\/www.youtube.com\/embed\/CTLXVnr6x30?feature=oembed\" frameborder=\"0\" allow=\"accelerometer; autoplay; clipboard-write; encrypted-media; gyroscope; picture-in-picture; web-share\" referrerpolicy=\"strict-origin-when-cross-origin\" allowfullscreen><\/iframe>\n<\/div><figcaption>Wojna secesyjna 1861 &#8211; 1865 <\/figcaption><\/figure>\n\n\n\n<figure class=\"wp-block-embed is-type-video is-provider-youtube wp-block-embed-youtube wp-embed-aspect-16-9 wp-has-aspect-ratio\"><div class=\"wp-block-embed__wrapper\">\n<iframe loading=\"lazy\" title=\"Gettysburg: Animated Battle Map\" width=\"474\" height=\"267\" src=\"https:\/\/www.youtube.com\/embed\/DUXpCfcJ7Ng?feature=oembed\" frameborder=\"0\" allow=\"accelerometer; autoplay; clipboard-write; encrypted-media; gyroscope; picture-in-picture; web-share\" referrerpolicy=\"strict-origin-when-cross-origin\" allowfullscreen><\/iframe>\n<\/div><figcaption>Bitwa pod Gettysburgiem 1863<\/figcaption><\/figure>\n\n\n\n<figure class=\"wp-block-embed is-type-video is-provider-youtube wp-block-embed-youtube wp-embed-aspect-16-9 wp-has-aspect-ratio\"><div class=\"wp-block-embed__wrapper\">\n<iframe loading=\"lazy\" title=\"The Second Schleswig War Every Day Version 1.02\" width=\"474\" height=\"267\" src=\"https:\/\/www.youtube.com\/embed\/xVRJNxNvo0I?feature=oembed\" frameborder=\"0\" allow=\"accelerometer; autoplay; clipboard-write; encrypted-media; gyroscope; picture-in-picture; web-share\" referrerpolicy=\"strict-origin-when-cross-origin\" allowfullscreen><\/iframe>\n<\/div><figcaption>2 wojna o Schleswig 1864<\/figcaption><\/figure>\n\n\n\n<p><\/p>\n\n\n\n<figure class=\"wp-block-embed is-type-video is-provider-youtube wp-block-embed-youtube wp-embed-aspect-16-9 wp-has-aspect-ratio\"><div class=\"wp-block-embed__wrapper\">\n<iframe loading=\"lazy\" title=\"The Austro-Prussian War - Explained in 11 Minutes\" width=\"474\" height=\"267\" src=\"https:\/\/www.youtube.com\/embed\/eoBPj88YXaY?feature=oembed\" frameborder=\"0\" allow=\"accelerometer; autoplay; clipboard-write; encrypted-media; gyroscope; picture-in-picture; web-share\" referrerpolicy=\"strict-origin-when-cross-origin\" allowfullscreen><\/iframe>\n<\/div><figcaption>Wojna prusko &#8211; austriacka 1866<\/figcaption><\/figure>\n\n\n\n<figure class=\"wp-block-embed is-type-video is-provider-youtube wp-block-embed-youtube wp-embed-aspect-16-9 wp-has-aspect-ratio\"><div class=\"wp-block-embed__wrapper\">\n<iframe loading=\"lazy\" title=\"Iron &amp; Blood: German War 1866\" width=\"474\" height=\"267\" src=\"https:\/\/www.youtube.com\/embed\/rYkf-UXeQWU?feature=oembed\" frameborder=\"0\" allow=\"accelerometer; autoplay; clipboard-write; encrypted-media; gyroscope; picture-in-picture; web-share\" referrerpolicy=\"strict-origin-when-cross-origin\" allowfullscreen><\/iframe>\n<\/div><figcaption>Wojna prusko &#8211; austriacka 1866<\/figcaption><\/figure>\n\n\n\n<p><\/p>\n\n\n\n<figure class=\"wp-block-embed is-type-video is-provider-youtube wp-block-embed-youtube wp-embed-aspect-16-9 wp-has-aspect-ratio\"><div class=\"wp-block-embed__wrapper\">\n<iframe loading=\"lazy\" title=\"Glory &amp; Defeat: The Franco-Prussian War 1870\/71 (Full Documentary)\" width=\"474\" height=\"267\" src=\"https:\/\/www.youtube.com\/embed\/vWZz-lHCu-M?feature=oembed\" frameborder=\"0\" allow=\"accelerometer; autoplay; clipboard-write; encrypted-media; gyroscope; picture-in-picture; web-share\" referrerpolicy=\"strict-origin-when-cross-origin\" allowfullscreen><\/iframe>\n<\/div><figcaption>Wojna francusko &#8211; pruska 1870-1871<\/figcaption><\/figure>\n\n\n\n<figure class=\"wp-block-embed is-type-video is-provider-youtube wp-block-embed-youtube wp-embed-aspect-16-9 wp-has-aspect-ratio\"><div class=\"wp-block-embed__wrapper\">\n<iframe loading=\"lazy\" title=\"How Prussia Ended The French Empire: Franco-Prussian War | Animated History\" width=\"474\" height=\"267\" src=\"https:\/\/www.youtube.com\/embed\/xVISzFmBiPU?feature=oembed\" frameborder=\"0\" allow=\"accelerometer; autoplay; clipboard-write; encrypted-media; gyroscope; picture-in-picture; web-share\" referrerpolicy=\"strict-origin-when-cross-origin\" allowfullscreen><\/iframe>\n<\/div><figcaption>Wojna francusko &#8211; pruska 1870-1871<\/figcaption><\/figure>\n\n\n\n<figure class=\"wp-block-embed is-type-video is-provider-youtube wp-block-embed-youtube wp-embed-aspect-16-9 wp-has-aspect-ratio\"><div class=\"wp-block-embed__wrapper\">\n<iframe loading=\"lazy\" title=\"Jak czerwone spodnie pogr\u0105\u017cy\u0142y francusk\u0105 armi\u0119\" width=\"474\" height=\"267\" src=\"https:\/\/www.youtube.com\/embed\/wu4XDziyalY?feature=oembed\" frameborder=\"0\" allow=\"accelerometer; autoplay; clipboard-write; encrypted-media; gyroscope; picture-in-picture; web-share\" referrerpolicy=\"strict-origin-when-cross-origin\" allowfullscreen><\/iframe>\n<\/div><figcaption>Dlaczego Francuzi walczyli w czerwonych spodniach.<\/figcaption><\/figure>\n\n\n\n<p><\/p>\n","protected":false},"excerpt":{"rendered":"<p>Druga po\u0142owa XIX wieku to fascynuj\u0105cy okres w dziejach ludzko\u015bci oraz wojskowo\u015bci. To czas gwa\u0142townie rozp\u0119dzaj\u0105cej si\u0119 rewolucji przemys\u0142owej, kt\u00f3ra nie tylko dramatycznie zmienia\u0142a spos\u00f3b \u017cycia ludzi, ale tak\u017ce spos\u00f3b prowadzenia wojen. Cz\u0119sto genera\u0142owie i doktryny armii nie nad\u0105\u017ca\u0142y za gwa\u0142townymi zmianami w technice, co powodowa\u0142o powa\u017cne konsekwencje dla walcz\u0105cych \u017co\u0142nierzy. Na tej stronie b\u0119dziemy &hellip; <a href=\"http:\/\/www.gmboardgames.com\/blog\/historia\/\" class=\"more-link\">Czytaj dalej <span class=\"screen-reader-text\">HISTORIA<\/span> <span class=\"meta-nav\">&rarr;<\/span><\/a><\/p>\n","protected":false},"author":1,"featured_media":14724,"parent":0,"menu_order":0,"comment_status":"closed","ping_status":"closed","template":"","meta":{"footnotes":""},"class_list":["post-14742","page","type-page","status-publish","has-post-thumbnail","hentry"],"_links":{"self":[{"href":"http:\/\/www.gmboardgames.com\/blog\/wp-json\/wp\/v2\/pages\/14742","targetHints":{"allow":["GET"]}}],"collection":[{"href":"http:\/\/www.gmboardgames.com\/blog\/wp-json\/wp\/v2\/pages"}],"about":[{"href":"http:\/\/www.gmboardgames.com\/blog\/wp-json\/wp\/v2\/types\/page"}],"author":[{"embeddable":true,"href":"http:\/\/www.gmboardgames.com\/blog\/wp-json\/wp\/v2\/users\/1"}],"replies":[{"embeddable":true,"href":"http:\/\/www.gmboardgames.com\/blog\/wp-json\/wp\/v2\/comments?post=14742"}],"version-history":[{"count":6,"href":"http:\/\/www.gmboardgames.com\/blog\/wp-json\/wp\/v2\/pages\/14742\/revisions"}],"predecessor-version":[{"id":15243,"href":"http:\/\/www.gmboardgames.com\/blog\/wp-json\/wp\/v2\/pages\/14742\/revisions\/15243"}],"wp:featuredmedia":[{"embeddable":true,"href":"http:\/\/www.gmboardgames.com\/blog\/wp-json\/wp\/v2\/media\/14724"}],"wp:attachment":[{"href":"http:\/\/www.gmboardgames.com\/blog\/wp-json\/wp\/v2\/media?parent=14742"}],"curies":[{"name":"wp","href":"https:\/\/api.w.org\/{rel}","templated":true}]}}