{"id":14562,"date":"2022-01-07T17:37:29","date_gmt":"2022-01-07T15:37:29","guid":{"rendered":"http:\/\/www.gmboardgames.com\/blog\/?page_id=14562"},"modified":"2022-01-07T17:41:18","modified_gmt":"2022-01-07T15:41:18","slug":"kampania-2021-2022","status":"publish","type":"page","link":"http:\/\/www.gmboardgames.com\/blog\/kampania-2021-2022\/","title":{"rendered":"Kampania 2021 &#8211; 2022"},"content":{"rendered":"\n<h2 class=\"wp-block-heading\">Kampania \u2013 zasady og\u00f3lne<\/h2>\n\n\n\n<p>Po raz czwarty ruszamy z kampani\u0105 do BW: Lee! Tym razem kampania jest r\u00f3wnie\u017c cz\u0119\u015bci\u0105 ligi. Jak zwykle ka\u017cdy gracz, kt\u00f3ry gdziekolwiek rozegra bitw\u0119 i napisz\u0119 z niej raport bitewny, okraszony kilkoma fotografiami, ma wp\u0142yw na przebieg kampanii. Szczeg\u00f3\u0142y znajduj\u0105 si\u0119 w regulaminie.<\/p>\n\n\n\n<p>Kampania zako\u0144czy si\u0119 30 czerwca 2022 roku. Gracze rywalizuj\u0105 nie tylko o punkty dla swoich nacji, ale tak\u017ce o miano najlepszego genera\u0142a, a tak\u017ce podbijaj\u0105 terytoria na mapie &#8211; czyli jest tutaj wszystko, co prawdziwi genera\u0142owie lubi\u0105 najbardziej \ud83d\ude42<\/p>\n\n\n\n<p>Tym razem, dzi\u0119ki wspania\u0142ej pracy Kazjatara, stworzyli\u015bmy osobn\u0105 stron\u0119 dla kampanii i ligi.<\/p>\n\n\n\n<p><strong>Link do strony ligi i kampanii regulaminu:<\/strong> <a rel=\"noreferrer noopener\" href=\"http:\/\/www.gmboardgames.com\/kampania\/regulaminkampania2020.pdf\" target=\"_blank\">STRONA LIGI I KAMPANII<\/a><\/p>\n\n\n\n<p><strong>MAPA POCZ\u0104TKU KAMPANII  2021 &#8211; 2022<\/strong><\/p>\n\n\n\n<figure class=\"wp-block-gallery columns-1 is-cropped wp-block-gallery-1 is-layout-flex wp-block-gallery-is-layout-flex\"><ul class=\"blocks-gallery-grid\"><li class=\"blocks-gallery-item\"><figure><a href=\"http:\/\/www.gmboardgames.com\/blog\/wp-content\/uploads\/2022\/01\/Mapa-Kampanii-2021-grudzien2.jpg\"><img loading=\"lazy\" decoding=\"async\" width=\"741\" height=\"1024\" src=\"http:\/\/www.gmboardgames.com\/blog\/wp-content\/uploads\/2022\/01\/Mapa-Kampanii-2021-grudzien2-741x1024.jpg\" alt=\"\" data-id=\"14563\" data-full-url=\"http:\/\/www.gmboardgames.com\/blog\/wp-content\/uploads\/2022\/01\/Mapa-Kampanii-2021-grudzien2.jpg\" data-link=\"http:\/\/www.gmboardgames.com\/blog\/?attachment_id=14563\" class=\"wp-image-14563\" srcset=\"http:\/\/www.gmboardgames.com\/blog\/wp-content\/uploads\/2022\/01\/Mapa-Kampanii-2021-grudzien2-741x1024.jpg 741w, http:\/\/www.gmboardgames.com\/blog\/wp-content\/uploads\/2022\/01\/Mapa-Kampanii-2021-grudzien2-217x300.jpg 217w, http:\/\/www.gmboardgames.com\/blog\/wp-content\/uploads\/2022\/01\/Mapa-Kampanii-2021-grudzien2-768x1061.jpg 768w, http:\/\/www.gmboardgames.com\/blog\/wp-content\/uploads\/2022\/01\/Mapa-Kampanii-2021-grudzien2-1112x1536.jpg 1112w, http:\/\/www.gmboardgames.com\/blog\/wp-content\/uploads\/2022\/01\/Mapa-Kampanii-2021-grudzien2.jpg 1158w\" sizes=\"auto, (max-width: 741px) 100vw, 741px\" \/><\/a><figcaption class=\"blocks-gallery-item__caption\">Mapa w pierwszym miesi\u0105cu kampanii<\/figcaption><\/figure><\/li><\/ul><\/figure>\n\n\n\n<p><\/p>\n\n\n\n<p>Wszystkie tabele, wyniki gier, aktualna mapa i regulamin znajduj\u0105 si\u0119 na <a rel=\"noreferrer noopener\" href=\"https:\/\/www.gmboardgames.com\/liga\/\" target=\"_blank\">stronie ligi i kampanii.<\/a><\/p>\n\n\n\n<p><\/p>\n","protected":false},"excerpt":{"rendered":"<p>Kampania \u2013 zasady og\u00f3lne Po raz czwarty ruszamy z kampani\u0105 do BW: Lee! Tym razem kampania jest r\u00f3wnie\u017c cz\u0119\u015bci\u0105 ligi. Jak zwykle ka\u017cdy gracz, kt\u00f3ry gdziekolwiek rozegra bitw\u0119 i napisz\u0119 z niej raport bitewny, okraszony kilkoma fotografiami, ma wp\u0142yw na przebieg kampanii. Szczeg\u00f3\u0142y znajduj\u0105 si\u0119 w regulaminie. Kampania zako\u0144czy si\u0119 30 czerwca 2022 roku. Gracze &hellip; <a href=\"http:\/\/www.gmboardgames.com\/blog\/kampania-2021-2022\/\" class=\"more-link\">Czytaj dalej <span class=\"screen-reader-text\">Kampania 2021 &#8211; 2022<\/span> <span class=\"meta-nav\">&rarr;<\/span><\/a><\/p>\n","protected":false},"author":1,"featured_media":14563,"parent":0,"menu_order":0,"comment_status":"closed","ping_status":"closed","template":"","meta":{"footnotes":""},"class_list":["post-14562","page","type-page","status-publish","has-post-thumbnail","hentry"],"_links":{"self":[{"href":"http:\/\/www.gmboardgames.com\/blog\/wp-json\/wp\/v2\/pages\/14562","targetHints":{"allow":["GET"]}}],"collection":[{"href":"http:\/\/www.gmboardgames.com\/blog\/wp-json\/wp\/v2\/pages"}],"about":[{"href":"http:\/\/www.gmboardgames.com\/blog\/wp-json\/wp\/v2\/types\/page"}],"author":[{"embeddable":true,"href":"http:\/\/www.gmboardgames.com\/blog\/wp-json\/wp\/v2\/users\/1"}],"replies":[{"embeddable":true,"href":"http:\/\/www.gmboardgames.com\/blog\/wp-json\/wp\/v2\/comments?post=14562"}],"version-history":[{"count":1,"href":"http:\/\/www.gmboardgames.com\/blog\/wp-json\/wp\/v2\/pages\/14562\/revisions"}],"predecessor-version":[{"id":14564,"href":"http:\/\/www.gmboardgames.com\/blog\/wp-json\/wp\/v2\/pages\/14562\/revisions\/14564"}],"wp:featuredmedia":[{"embeddable":true,"href":"http:\/\/www.gmboardgames.com\/blog\/wp-json\/wp\/v2\/media\/14563"}],"wp:attachment":[{"href":"http:\/\/www.gmboardgames.com\/blog\/wp-json\/wp\/v2\/media?parent=14562"}],"curies":[{"name":"wp","href":"https:\/\/api.w.org\/{rel}","templated":true}]}}