{"id":13116,"date":"2020-03-03T20:20:38","date_gmt":"2020-03-03T18:20:38","guid":{"rendered":"http:\/\/www.gmboardgames.com\/blog\/?page_id=13116"},"modified":"2025-09-05T18:57:48","modified_gmt":"2025-09-05T16:57:48","slug":"literatura","status":"publish","type":"page","link":"http:\/\/www.gmboardgames.com\/blog\/literatura\/","title":{"rendered":"Literatura"},"content":{"rendered":"\n<p>Do gry w klimacie wojen morskich warto zapozna\u0107 si\u0119 r\u00f3\u017cnymi pozycjami ksi\u0105\u017ckowymi, dost\u0119pnymi na polskim rynku. Do okresu okr\u0119t\u00f3w pancernych i predrednot\u00f3w polecamy:<\/p>\n\n\n\n<p>Piotr Olender &#8222;Wojskowo\u015b\u0107 morska okresu pary i \u017celaza, 1860-1905&#8221;.<br>Piotr Olender &#8222;Rosyjsko &#8211; Japo\u0144ska Wojna Morska 1904-1905&#8221;. <br>Piotr Olender &#8222;Wojny morskie 1860-1883&#8221;.<br>Piotr Olender &#8222;Wojny morskie 1883-1914&#8221;. <br>Piotr Olender &#8222;Wojna japo\u0144sko-chi\u0144ska na morzu 1894-1895&#8221;.<br>Piotr Olender &#8222;Wojna ameryka\u0144sko-hiszpa\u0144ska na morzu 1898&#8221;. <br>Piotr Olender &#8222;Wojny morskie 1860-1883&#8221;<br>Piotr Olender &#8222;Wojny morskie 1883-1914&#8221;<br>Tadeusz Klimczyk &#8222;Historia Pancernika&#8221;.<br>Tadeusz Klimczyk &#8222;Grand Fleet 1914\u20131919 Tom 1&#8221;. <br>Piotr Wieczorkiewicz &#8222;Historia wojen morskich &#8211; wiek pary&#8221;.<br>Jan Gozdawa-Go\u0142\u0119biowski &#8222;Od wojny krymskiej do ba\u0142ka\u0144skiej. Dzia\u0142ania flot wojennych na morzach i oceanach w latach 1853-1914&#8221;.<br>Alfred T. Mahan &#8222;Wp\u0142yw pot\u0119gi morskiej na histori\u0119 1660-1783&#8221;.<br>Andrzej Perepeczko &#8222;Od Napoleona do de Gaulle&#8217;a. Flota francuska w latach 1789-1942&#8221;. <br>Krzysztof Micha\u0142ek &#8222;Pod banderami Unii i Konfederacji. Wojna secesyjna 1861-1865 na morzach i rzekach&#8221;<br><br><em>Seria Historyczne Bitwy z wydawnictwa Bellona.<\/em><br>J\u00f3zef Wies\u0142aw Dyskant &#8222;Port Artur 1904&#8221;.<br>J\u00f3zef Wies\u0142aw Dyskant &#8222;Cuszima 1905&#8221;<br>Piotr Olender &#8222;Lissa 1866&#8221;. <br> Tadeusz Maria Gelewski &#8222;Jalu 1894&#8221;<\/p>\n\n\n\n<p><em>Seria Osprey<\/em><br>Mark Stille &#8222;Cesarska Marynarka Wojenna Japonii w okresie wojny rosyjsko  &#8211; japo\u0144skiej&#8221;.  <br>Angus Konstam &#8222;Brytyjskie okr\u0119ty pancerne 1860-1875. HMS Warrior&#8221;. <\/p>\n\n\n\n<p>Ksi\u0105\u017cki te mo\u017cna dosta\u0107 w wydawnictwie Napolen V, lub na allegro (wiele z nich tylko jako u\u017cywane), tudzie\u017c w lokalnych bibliotekach.<\/p>\n","protected":false},"excerpt":{"rendered":"<p>Do gry w klimacie wojen morskich warto zapozna\u0107 si\u0119 r\u00f3\u017cnymi pozycjami ksi\u0105\u017ckowymi, dost\u0119pnymi na polskim rynku. Do okresu okr\u0119t\u00f3w pancernych i predrednot\u00f3w polecamy: Piotr Olender &#8222;Wojskowo\u015b\u0107 morska okresu pary i \u017celaza, 1860-1905&#8221;.Piotr Olender &#8222;Rosyjsko &#8211; Japo\u0144ska Wojna Morska 1904-1905&#8221;. Piotr Olender &#8222;Wojny morskie 1860-1883&#8221;.Piotr Olender &#8222;Wojny morskie 1883-1914&#8221;. Piotr Olender &#8222;Wojna japo\u0144sko-chi\u0144ska na morzu 1894-1895&#8221;.Piotr &hellip; <a href=\"http:\/\/www.gmboardgames.com\/blog\/literatura\/\" class=\"more-link\">Czytaj dalej <span class=\"screen-reader-text\">Literatura<\/span> <span class=\"meta-nav\">&rarr;<\/span><\/a><\/p>\n","protected":false},"author":1,"featured_media":17014,"parent":0,"menu_order":0,"comment_status":"closed","ping_status":"closed","template":"","meta":{"footnotes":""},"class_list":["post-13116","page","type-page","status-publish","has-post-thumbnail","hentry"],"_links":{"self":[{"href":"http:\/\/www.gmboardgames.com\/blog\/wp-json\/wp\/v2\/pages\/13116","targetHints":{"allow":["GET"]}}],"collection":[{"href":"http:\/\/www.gmboardgames.com\/blog\/wp-json\/wp\/v2\/pages"}],"about":[{"href":"http:\/\/www.gmboardgames.com\/blog\/wp-json\/wp\/v2\/types\/page"}],"author":[{"embeddable":true,"href":"http:\/\/www.gmboardgames.com\/blog\/wp-json\/wp\/v2\/users\/1"}],"replies":[{"embeddable":true,"href":"http:\/\/www.gmboardgames.com\/blog\/wp-json\/wp\/v2\/comments?post=13116"}],"version-history":[{"count":3,"href":"http:\/\/www.gmboardgames.com\/blog\/wp-json\/wp\/v2\/pages\/13116\/revisions"}],"predecessor-version":[{"id":17177,"href":"http:\/\/www.gmboardgames.com\/blog\/wp-json\/wp\/v2\/pages\/13116\/revisions\/17177"}],"wp:featuredmedia":[{"embeddable":true,"href":"http:\/\/www.gmboardgames.com\/blog\/wp-json\/wp\/v2\/media\/17014"}],"wp:attachment":[{"href":"http:\/\/www.gmboardgames.com\/blog\/wp-json\/wp\/v2\/media?parent=13116"}],"curies":[{"name":"wp","href":"https:\/\/api.w.org\/{rel}","templated":true}]}}