{"id":12558,"date":"2019-11-26T12:29:35","date_gmt":"2019-11-26T10:29:35","guid":{"rendered":"http:\/\/www.gmboardgames.com\/blog\/?page_id=12558"},"modified":"2019-11-26T12:30:18","modified_gmt":"2019-11-26T10:30:18","slug":"zestawy-francuskie","status":"publish","type":"page","link":"http:\/\/www.gmboardgames.com\/blog\/zestawy-francuskie\/","title":{"rendered":"Zestawy francuskie"},"content":{"rendered":"\n<p>Francja jest 4 nacj\u0105, jaka pojawi\u0142a si\u0119 w grze i pierwsz\u0105, kt\u00f3rej zestawy od pocz\u0105tku by\u0142y drukowane w technologii 3D.  Je\u015bli nie zaznaczono inaczej, to s\u0105 one wykonane w  \u017cywicy.<br>Figurki nie s\u0105 pomalowane.<br>Klej, podstawki i flagi nie s\u0105 cz\u0119\u015bci\u0105 zestaw\u00f3w (chyba, \u017ce zaznaczono inaczej).<br>Jak  zawsze w przypadku zestaw\u00f3w metalowych, niekt\u00f3re cz\u0119\u015bci figurek mog\u0105  si\u0119 powygina\u0107 \u2013 wtedy nale\u017cy je ostro\u017cnie wyprostowa\u0107 (np. karabiny).<br> Zestawy zawieraj\u0105 drobne cz\u0119\u015bci i nie s\u0105 przeznaczone dla dzieci poni\u017cej 14 roku \u017cycia. <\/p>\n\n\n\n<div id=\"ez-toc-container\" class=\"ez-toc-v2_0_76 counter-hierarchy ez-toc-counter ez-toc-grey ez-toc-container-direction\">\n<div class=\"ez-toc-title-container\">\n<p class=\"ez-toc-title\" style=\"cursor:inherit\">Table of Contents<\/p>\n<span class=\"ez-toc-title-toggle\"><a href=\"#\" class=\"ez-toc-pull-right ez-toc-btn ez-toc-btn-xs ez-toc-btn-default ez-toc-toggle\" aria-label=\"Toggle Table of Content\"><span class=\"ez-toc-js-icon-con\"><span class=\"\"><span class=\"eztoc-hide\" style=\"display:none;\">Toggle<\/span><span class=\"ez-toc-icon-toggle-span\"><svg style=\"fill: #999;color:#999\" xmlns=\"http:\/\/www.w3.org\/2000\/svg\" class=\"list-377408\" width=\"20px\" height=\"20px\" viewBox=\"0 0 24 24\" fill=\"none\"><path d=\"M6 6H4v2h2V6zm14 0H8v2h12V6zM4 11h2v2H4v-2zm16 0H8v2h12v-2zM4 16h2v2H4v-2zm16 0H8v2h12v-2z\" fill=\"currentColor\"><\/path><\/svg><svg style=\"fill: #999;color:#999\" class=\"arrow-unsorted-368013\" xmlns=\"http:\/\/www.w3.org\/2000\/svg\" width=\"10px\" height=\"10px\" viewBox=\"0 0 24 24\" version=\"1.2\" baseProfile=\"tiny\"><path d=\"M18.2 9.3l-6.2-6.3-6.2 6.3c-.2.2-.3.4-.3.7s.1.5.3.7c.2.2.4.3.7.3h11c.3 0 .5-.1.7-.3.2-.2.3-.5.3-.7s-.1-.5-.3-.7zM5.8 14.7l6.2 6.3 6.2-6.3c.2-.2.3-.5.3-.7s-.1-.5-.3-.7c-.2-.2-.4-.3-.7-.3h-11c-.3 0-.5.1-.7.3-.2.2-.3.5-.3.7s.1.5.3.7z\"\/><\/svg><\/span><\/span><\/span><\/a><\/span><\/div>\n<nav><ul class='ez-toc-list ez-toc-list-level-1 ' ><li class='ez-toc-page-1 ez-toc-heading-level-3'><a class=\"ez-toc-link ez-toc-heading-1\" href=\"http:\/\/www.gmboardgames.com\/blog\/zestawy-francuskie\/#GML-FRE-001_Zestaw_korpusny_francuski\" >GML-FRE-001    Zestaw korpu\u015bny francuski<\/a><\/li><li class='ez-toc-page-1 ez-toc-heading-level-3'><a class=\"ez-toc-link ez-toc-heading-2\" href=\"http:\/\/www.gmboardgames.com\/blog\/zestawy-francuskie\/#GML-FRE-011_Generalowie_francuscy\" >GML-FRE-011    Genera\u0142owie francuscy<\/a><\/li><li class='ez-toc-page-1 ez-toc-heading-level-3'><a class=\"ez-toc-link ez-toc-heading-3\" href=\"http:\/\/www.gmboardgames.com\/blog\/zestawy-francuskie\/#GML-FRE-023_3_Pulki_piechoty_francuskiej\" >GML-FRE-023    3 Pu\u0142ki piechoty francuskiej<\/a><\/li><li class='ez-toc-page-1 ez-toc-heading-level-3'><a class=\"ez-toc-link ez-toc-heading-4\" href=\"http:\/\/www.gmboardgames.com\/blog\/zestawy-francuskie\/#GML-FRE-063_3_Armaty_La_Hitte\" >GML-FRE-063    3 Armaty La Hitte<\/a><\/li><li class='ez-toc-page-1 ez-toc-heading-level-3'><a class=\"ez-toc-link ez-toc-heading-5\" href=\"http:\/\/www.gmboardgames.com\/blog\/zestawy-francuskie\/#GML-FRE-153_3_Pulki_francuskich_dragonow\" >GML-FRE-153    3 Pu\u0142ki francuskich dragon\u00f3w<\/a><\/li><li class='ez-toc-page-1 ez-toc-heading-level-3'><a class=\"ez-toc-link ez-toc-heading-6\" href=\"http:\/\/www.gmboardgames.com\/blog\/zestawy-francuskie\/#GML-FRE-163_3_Pulki_francuskich_kirasjerow\" >GML-FRE-163    3 Pu\u0142ki francuskich kirasjer\u00f3w<\/a><\/li><\/ul><\/nav><\/div>\n<h3 class=\"wp-block-heading\"><span class=\"ez-toc-section\" id=\"GML-FRE-001_Zestaw_korpusny_francuski\"><\/span>GML-FRE-001    Zestaw korpu\u015bny francuski<span class=\"ez-toc-section-end\"><\/span><\/h3>\n\n\n\n<ul class=\"wp-block-gallery columns-1 is-cropped wp-block-gallery-1 is-layout-flex wp-block-gallery-is-layout-flex\"><li class=\"blocks-gallery-item\"><figure><a href=\"http:\/\/www.gmboardgames.com\/blog\/wp-content\/uploads\/2019\/11\/French-Corps-front-3mm-spad-1024x599.jpg\"><img loading=\"lazy\" decoding=\"async\" width=\"1024\" height=\"599\" src=\"http:\/\/www.gmboardgames.com\/blog\/wp-content\/uploads\/2019\/11\/French-Corps-front-3mm-spad-1024x599.jpg\" alt=\"\" data-id=\"12559\" data-link=\"http:\/\/www.gmboardgames.com\/blog\/french-corps-front-3mm-spad\/\" class=\"wp-image-12559\" srcset=\"http:\/\/www.gmboardgames.com\/blog\/wp-content\/uploads\/2019\/11\/French-Corps-front-3mm-spad-1024x599.jpg 1024w, http:\/\/www.gmboardgames.com\/blog\/wp-content\/uploads\/2019\/11\/French-Corps-front-3mm-spad-300x176.jpg 300w, http:\/\/www.gmboardgames.com\/blog\/wp-content\/uploads\/2019\/11\/French-Corps-front-3mm-spad-768x449.jpg 768w, http:\/\/www.gmboardgames.com\/blog\/wp-content\/uploads\/2019\/11\/French-Corps-front-3mm-spad.jpg 1600w\" sizes=\"auto, (max-width: 1024px) 100vw, 1024px\" \/><\/a><\/figure><\/li><li class=\"blocks-gallery-item\"><figure><a href=\"http:\/\/www.gmboardgames.com\/blog\/wp-content\/uploads\/2019\/11\/French-Corps-ty\u0142-3mm-spad-1024x605.jpg\"><img loading=\"lazy\" decoding=\"async\" width=\"1024\" height=\"605\" src=\"http:\/\/www.gmboardgames.com\/blog\/wp-content\/uploads\/2019\/11\/French-Corps-ty\u0142-3mm-spad-1024x605.jpg\" alt=\"\" data-id=\"12560\" data-link=\"http:\/\/www.gmboardgames.com\/blog\/french-corps-tyl-3mm-spad\/\" class=\"wp-image-12560\" srcset=\"http:\/\/www.gmboardgames.com\/blog\/wp-content\/uploads\/2019\/11\/French-Corps-ty\u0142-3mm-spad-1024x605.jpg 1024w, http:\/\/www.gmboardgames.com\/blog\/wp-content\/uploads\/2019\/11\/French-Corps-ty\u0142-3mm-spad-300x177.jpg 300w, http:\/\/www.gmboardgames.com\/blog\/wp-content\/uploads\/2019\/11\/French-Corps-ty\u0142-3mm-spad-768x454.jpg 768w, http:\/\/www.gmboardgames.com\/blog\/wp-content\/uploads\/2019\/11\/French-Corps-ty\u0142-3mm-spad.jpg 1600w\" sizes=\"auto, (max-width: 1024px) 100vw, 1024px\" \/><\/a><\/figure><\/li><\/ul>\n\n\n\n<p>Ten zestaw jest najlepszym starterem do armii francuskiej. Zawiera 9  brygady piechoty liniowej, a tak\u017ce dwie brygady artylerii (2 armaty  La Hitte i 8 kanonier\u00f3w), 1 brygad\u0119 kirasjer\u00f3w, 1 dragon\u00f3w, 1 spieszonych dragon\u00f3w, oraz 16 genera\u0142\u00f3w (mo\u017cna z nich z\u0142o\u017cy\u0107 6  podstawek genera\u0142\u00f3w), w sumie 376 figurek i dwie armaty. Do tego w sk\u0142ad   zestawu wchodz\u0105 podstawki z HDF\u2019u dla tych wszystkich brygad oraz  zestaw  flag.<br>Figurki zawarte w tym zestawie pozwol\u0105 na stworzenie armii do 1500$, co jest typowym rozmiarem ma\u0142ej bitwy w Lee.<br>Warto do niego dokupi\u0107 zestaw patroli, a p\u00f3\u017aniej wi\u0119cej piechoty, artylerii i  kawalerii.  <\/p>\n\n\n\n<h3 class=\"wp-block-heading\"><span class=\"ez-toc-section\" id=\"GML-FRE-011_Generalowie_francuscy\"><\/span><br>GML-FRE-011    Genera\u0142owie francuscy<span class=\"ez-toc-section-end\"><\/span><\/h3>\n\n\n\n<ul class=\"wp-block-gallery columns-2 is-cropped wp-block-gallery-2 is-layout-flex wp-block-gallery-is-layout-flex\"><li class=\"blocks-gallery-item\"><figure><a href=\"http:\/\/www.gmboardgames.com\/blog\/wp-content\/uploads\/2019\/11\/gml-fre-011-strona001-921x1024.jpg\"><img loading=\"lazy\" decoding=\"async\" width=\"921\" height=\"1024\" src=\"http:\/\/www.gmboardgames.com\/blog\/wp-content\/uploads\/2019\/11\/gml-fre-011-strona001-921x1024.jpg\" alt=\"\" data-id=\"12561\" data-link=\"http:\/\/www.gmboardgames.com\/blog\/gml-fre-011-strona001-2\/\" class=\"wp-image-12561\" srcset=\"http:\/\/www.gmboardgames.com\/blog\/wp-content\/uploads\/2019\/11\/gml-fre-011-strona001-921x1024.jpg 921w, http:\/\/www.gmboardgames.com\/blog\/wp-content\/uploads\/2019\/11\/gml-fre-011-strona001-270x300.jpg 270w, http:\/\/www.gmboardgames.com\/blog\/wp-content\/uploads\/2019\/11\/gml-fre-011-strona001-768x854.jpg 768w, http:\/\/www.gmboardgames.com\/blog\/wp-content\/uploads\/2019\/11\/gml-fre-011-strona001.jpg 1079w\" sizes=\"auto, (max-width: 921px) 100vw, 921px\" \/><\/a><\/figure><\/li><li class=\"blocks-gallery-item\"><figure><a href=\"http:\/\/www.gmboardgames.com\/blog\/wp-content\/uploads\/2019\/11\/gml-fre-011tyl-strona001-921x1024.jpg\"><img loading=\"lazy\" decoding=\"async\" width=\"921\" height=\"1024\" src=\"http:\/\/www.gmboardgames.com\/blog\/wp-content\/uploads\/2019\/11\/gml-fre-011tyl-strona001-921x1024.jpg\" alt=\"\" data-id=\"12562\" data-link=\"http:\/\/www.gmboardgames.com\/blog\/gml-fre-011tyl-strona001\/\" class=\"wp-image-12562\" srcset=\"http:\/\/www.gmboardgames.com\/blog\/wp-content\/uploads\/2019\/11\/gml-fre-011tyl-strona001-921x1024.jpg 921w, http:\/\/www.gmboardgames.com\/blog\/wp-content\/uploads\/2019\/11\/gml-fre-011tyl-strona001-270x300.jpg 270w, http:\/\/www.gmboardgames.com\/blog\/wp-content\/uploads\/2019\/11\/gml-fre-011tyl-strona001-768x854.jpg 768w, http:\/\/www.gmboardgames.com\/blog\/wp-content\/uploads\/2019\/11\/gml-fre-011tyl-strona001.jpg 1079w\" sizes=\"auto, (max-width: 921px) 100vw, 921px\" \/><\/a><\/figure><\/li><\/ul>\n\n\n\n<p><em>Wielu francuskich genera\u0142\u00f3w rozpoczyna\u0142o swoj\u0105 karier\u0119 wojskow\u0105 w ko\u0144cowej cz\u0119\u015bci wojen napoleo\u0144skich. Wykszta\u0142ceni w szkole wojskowej St. Cyra, cechowali si\u0119 wysokim stopniem profesjonalizmu i ofensywnym duchem.<\/em><\/p>\n\n\n\n<p>Zestaw umo\u017cliwia wystawienie 6 podstawek genera\u0142\u00f3w na r\u00f3\u017cnych szczeblach dowodzenia (lub wi\u0119cej, je\u015bli wystawimy wi\u0119cej dow\u00f3dc\u00f3w dywizji, a mniej korpus\u00f3w i WN).<\/p>\n\n\n\n<p>Ten zestaw zawiera 16 figurek przedstawiaj\u0105cych francuskich\noficer\u00f3w na koniach, w tym 2 marsza\u0142k\u00f3w, 8 genera\u0142\u00f3w i 6\nchor\u0105\u017cych, a tak\u017ce 6 metalowych drzewc\nsztandar\u00f3w.<\/p>\n\n\n\n<h3 class=\"wp-block-heading\"><span class=\"ez-toc-section\" id=\"GML-FRE-023_3_Pulki_piechoty_francuskiej\"><\/span><br>GML-FRE-023    3 Pu\u0142ki piechoty francuskiej<span class=\"ez-toc-section-end\"><\/span><\/h3>\n\n\n\n<ul class=\"wp-block-gallery columns-2 is-cropped wp-block-gallery-3 is-layout-flex wp-block-gallery-is-layout-flex\"><li class=\"blocks-gallery-item\"><figure><a href=\"http:\/\/www.gmboardgames.com\/blog\/wp-content\/uploads\/2019\/11\/gml-fre-023-strona001-921x1024.jpg\"><img loading=\"lazy\" decoding=\"async\" width=\"921\" height=\"1024\" src=\"http:\/\/www.gmboardgames.com\/blog\/wp-content\/uploads\/2019\/11\/gml-fre-023-strona001-921x1024.jpg\" alt=\"\" data-id=\"12563\" data-link=\"http:\/\/www.gmboardgames.com\/blog\/gml-fre-023-strona001-2\/\" class=\"wp-image-12563\" srcset=\"http:\/\/www.gmboardgames.com\/blog\/wp-content\/uploads\/2019\/11\/gml-fre-023-strona001-921x1024.jpg 921w, http:\/\/www.gmboardgames.com\/blog\/wp-content\/uploads\/2019\/11\/gml-fre-023-strona001-270x300.jpg 270w, http:\/\/www.gmboardgames.com\/blog\/wp-content\/uploads\/2019\/11\/gml-fre-023-strona001-768x854.jpg 768w, http:\/\/www.gmboardgames.com\/blog\/wp-content\/uploads\/2019\/11\/gml-fre-023-strona001.jpg 1079w\" sizes=\"auto, (max-width: 921px) 100vw, 921px\" \/><\/a><\/figure><\/li><li class=\"blocks-gallery-item\"><figure><a href=\"http:\/\/www.gmboardgames.com\/blog\/wp-content\/uploads\/2019\/11\/gml-fre-023tyl-strona001-921x1024.jpg\"><img loading=\"lazy\" decoding=\"async\" width=\"921\" height=\"1024\" src=\"http:\/\/www.gmboardgames.com\/blog\/wp-content\/uploads\/2019\/11\/gml-fre-023tyl-strona001-921x1024.jpg\" alt=\"\" data-id=\"12564\" data-link=\"http:\/\/www.gmboardgames.com\/blog\/gml-fre-023tyl-strona001\/\" class=\"wp-image-12564\" srcset=\"http:\/\/www.gmboardgames.com\/blog\/wp-content\/uploads\/2019\/11\/gml-fre-023tyl-strona001-921x1024.jpg 921w, http:\/\/www.gmboardgames.com\/blog\/wp-content\/uploads\/2019\/11\/gml-fre-023tyl-strona001-270x300.jpg 270w, http:\/\/www.gmboardgames.com\/blog\/wp-content\/uploads\/2019\/11\/gml-fre-023tyl-strona001-768x854.jpg 768w, http:\/\/www.gmboardgames.com\/blog\/wp-content\/uploads\/2019\/11\/gml-fre-023tyl-strona001.jpg 1079w\" sizes=\"auto, (max-width: 921px) 100vw, 921px\" \/><\/a><\/figure><\/li><\/ul>\n\n\n\n<p><em>Francuska piechota zdoby\u0142a swoje do\u015bwiadczenie w trakcie\nwielu wojen europejskich i kolonialnych. Wszyscy \u017co\u0142nierze\nwykazywali si\u0119 doskona\u0142ym wyszkoleniem strzeleckim i byli zawsze\nch\u0119tni do wykonania ataku na bagnety.<\/em><\/p>\n\n\n\n<p>Zestaw umo\u017cliwia wystawienie 3 pu\u0142k\u00f3w francuskiej piechoty liniowej.<\/p>\n\n\n\n<p>Ten zestaw zawiera nast\u0119puj\u0105ce paski \u017co\u0142nierzy: 15 zwyk\u0142ych, 3 dow\u00f3dcze, 3 doboszy i 3 chor\u0105\u017cych. Ka\u017cdy pasek liczy 4 figurki, daj\u0105c ca\u0142kowit\u0105 ilo\u015b\u0107 84 modeli w zestawie.<\/p>\n\n\n\n<h3 class=\"wp-block-heading\"><span class=\"ez-toc-section\" id=\"GML-FRE-063_3_Armaty_La_Hitte\"><\/span><br>GML-FRE-063    3 Armaty La Hitte<span class=\"ez-toc-section-end\"><\/span><\/h3>\n\n\n\n<ul class=\"wp-block-gallery columns-2 is-cropped wp-block-gallery-4 is-layout-flex wp-block-gallery-is-layout-flex\"><li class=\"blocks-gallery-item\"><figure><a href=\"http:\/\/www.gmboardgames.com\/blog\/wp-content\/uploads\/2019\/11\/gml-fre-063-strona001-921x1024.jpg\"><img loading=\"lazy\" decoding=\"async\" width=\"921\" height=\"1024\" src=\"http:\/\/www.gmboardgames.com\/blog\/wp-content\/uploads\/2019\/11\/gml-fre-063-strona001-921x1024.jpg\" alt=\"\" data-id=\"12565\" data-link=\"http:\/\/www.gmboardgames.com\/blog\/gml-fre-063-strona001-2\/\" class=\"wp-image-12565\" srcset=\"http:\/\/www.gmboardgames.com\/blog\/wp-content\/uploads\/2019\/11\/gml-fre-063-strona001-921x1024.jpg 921w, http:\/\/www.gmboardgames.com\/blog\/wp-content\/uploads\/2019\/11\/gml-fre-063-strona001-270x300.jpg 270w, http:\/\/www.gmboardgames.com\/blog\/wp-content\/uploads\/2019\/11\/gml-fre-063-strona001-768x854.jpg 768w, http:\/\/www.gmboardgames.com\/blog\/wp-content\/uploads\/2019\/11\/gml-fre-063-strona001.jpg 1079w\" sizes=\"auto, (max-width: 921px) 100vw, 921px\" \/><\/a><\/figure><\/li><li class=\"blocks-gallery-item\"><figure><a href=\"http:\/\/www.gmboardgames.com\/blog\/wp-content\/uploads\/2019\/11\/gml-fre-063tyl-strona001-921x1024.jpg\"><img loading=\"lazy\" decoding=\"async\" width=\"921\" height=\"1024\" src=\"http:\/\/www.gmboardgames.com\/blog\/wp-content\/uploads\/2019\/11\/gml-fre-063tyl-strona001-921x1024.jpg\" alt=\"\" data-id=\"12566\" data-link=\"http:\/\/www.gmboardgames.com\/blog\/gml-fre-063tyl-strona001\/\" class=\"wp-image-12566\" srcset=\"http:\/\/www.gmboardgames.com\/blog\/wp-content\/uploads\/2019\/11\/gml-fre-063tyl-strona001-921x1024.jpg 921w, http:\/\/www.gmboardgames.com\/blog\/wp-content\/uploads\/2019\/11\/gml-fre-063tyl-strona001-270x300.jpg 270w, http:\/\/www.gmboardgames.com\/blog\/wp-content\/uploads\/2019\/11\/gml-fre-063tyl-strona001-768x854.jpg 768w, http:\/\/www.gmboardgames.com\/blog\/wp-content\/uploads\/2019\/11\/gml-fre-063tyl-strona001.jpg 1079w\" sizes=\"auto, (max-width: 921px) 100vw, 921px\" \/><\/a><\/figure><\/li><\/ul>\n\n\n\n<p><em>Napoleon III, podobnie jak jego wielki wujek, interesowa\u0142 si\u0119\nbardzo artyleri\u0105. Dzi\u0119ki jego wysi\u0142kom Francja by\u0142a jednym z\npierwszych kraj\u00f3w na \u015bwiecie, kt\u00f3ry wprowadzi\u0142 do uzbrojenia\nartyleri\u0119 gwintowan\u0105 &#8211;  Syst\u00e8me <\/em><em>La Hitte. Jej zasi\u0119g\nognia by\u0142 wi\u0119kszy ni\u017c ka\u017cdej, por\u00f3wnywalnej kalibrem artylerii\ng\u0142adkolufowej.<\/em><\/p>\n\n\n\n<p>Zestaw umo\u017cliwia wystawienie 3 podstawek francuskiej artylerii gwintowanej.<\/p>\n\n\n\n<p>Ten zestaw zawiera trzy armaty systemu La Hitte oraz 3 paski kanonier\u00f3w, po 4 figurki na ka\u017cdym pasku, daj\u0105c w sumie 12 kanonier\u00f3w.<\/p>\n\n\n\n<h3 class=\"wp-block-heading\"><span class=\"ez-toc-section\" id=\"GML-FRE-153_3_Pulki_francuskich_dragonow\"><\/span><br>GML-FRE-153    3 Pu\u0142ki francuskich dragon\u00f3w<span class=\"ez-toc-section-end\"><\/span><\/h3>\n\n\n\n<ul class=\"wp-block-gallery columns-2 is-cropped wp-block-gallery-5 is-layout-flex wp-block-gallery-is-layout-flex\"><li class=\"blocks-gallery-item\"><figure><a href=\"http:\/\/www.gmboardgames.com\/blog\/wp-content\/uploads\/2019\/11\/gml-fre-153-strona001-921x1024.jpg\"><img loading=\"lazy\" decoding=\"async\" width=\"921\" height=\"1024\" src=\"http:\/\/www.gmboardgames.com\/blog\/wp-content\/uploads\/2019\/11\/gml-fre-153-strona001-921x1024.jpg\" alt=\"\" data-id=\"12567\" data-link=\"http:\/\/www.gmboardgames.com\/blog\/gml-fre-153-strona001-2\/\" class=\"wp-image-12567\" srcset=\"http:\/\/www.gmboardgames.com\/blog\/wp-content\/uploads\/2019\/11\/gml-fre-153-strona001-921x1024.jpg 921w, http:\/\/www.gmboardgames.com\/blog\/wp-content\/uploads\/2019\/11\/gml-fre-153-strona001-270x300.jpg 270w, http:\/\/www.gmboardgames.com\/blog\/wp-content\/uploads\/2019\/11\/gml-fre-153-strona001-768x854.jpg 768w, http:\/\/www.gmboardgames.com\/blog\/wp-content\/uploads\/2019\/11\/gml-fre-153-strona001.jpg 1079w\" sizes=\"auto, (max-width: 921px) 100vw, 921px\" \/><\/a><\/figure><\/li><li class=\"blocks-gallery-item\"><figure><a href=\"http:\/\/www.gmboardgames.com\/blog\/wp-content\/uploads\/2019\/11\/gml-fre-153tyl-strona001-921x1024.jpg\"><img loading=\"lazy\" decoding=\"async\" width=\"921\" height=\"1024\" src=\"http:\/\/www.gmboardgames.com\/blog\/wp-content\/uploads\/2019\/11\/gml-fre-153tyl-strona001-921x1024.jpg\" alt=\"\" data-id=\"12568\" data-link=\"http:\/\/www.gmboardgames.com\/blog\/gml-fre-153tyl-strona001\/\" class=\"wp-image-12568\" srcset=\"http:\/\/www.gmboardgames.com\/blog\/wp-content\/uploads\/2019\/11\/gml-fre-153tyl-strona001-921x1024.jpg 921w, http:\/\/www.gmboardgames.com\/blog\/wp-content\/uploads\/2019\/11\/gml-fre-153tyl-strona001-270x300.jpg 270w, http:\/\/www.gmboardgames.com\/blog\/wp-content\/uploads\/2019\/11\/gml-fre-153tyl-strona001-768x854.jpg 768w, http:\/\/www.gmboardgames.com\/blog\/wp-content\/uploads\/2019\/11\/gml-fre-153tyl-strona001.jpg 1079w\" sizes=\"auto, (max-width: 921px) 100vw, 921px\" \/><\/a><\/figure><\/li><\/ul>\n\n\n\n<p><em>Tradycyjnie dragoni byli rodzajem\nkawalerii, kt\u00f3ra mog\u0142a r\u00f3wnie\u017c walczy\u0107 na piechot\u0119. Od XIX\nwieku s\u0142u\u017cyli r\u00f3wnie\u017c jako kawaleria liniowa, stanowi\u0105c ogniwo\npo\u015brednie mi\u0119dzy cie\u017ck\u0105, a lekk\u0105 jazd\u0105.<\/em><\/p>\n\n\n\n<p>Zestaw umo\u017cliwia wystawienie 3 brygad dragon\u00f3w (w tym tak\u017ce dragon\u00f3w gwardii). Dragoni s\u0105 najbardziej uniwersalnym rodzajem francuskiej kawalerii.<\/p>\n\n\n\n<p>Ten zestaw zawiera 27 figurek przedstawiaj\u0105cych francuskich dragon\u00f3w na koniach, w tym: 18 szeregowc\u00f3w, 3 chor\u0105\u017cych, 3 tr\u0119baczy i 3 oficer\u00f3w.<\/p>\n\n\n\n<h3 class=\"wp-block-heading\"><span class=\"ez-toc-section\" id=\"GML-FRE-163_3_Pulki_francuskich_kirasjerow\"><\/span><br>GML-FRE-163    3 Pu\u0142ki francuskich kirasjer\u00f3w<span class=\"ez-toc-section-end\"><\/span><\/h3>\n\n\n\n<ul class=\"wp-block-gallery columns-2 is-cropped wp-block-gallery-6 is-layout-flex wp-block-gallery-is-layout-flex\"><li class=\"blocks-gallery-item\"><figure><a href=\"http:\/\/www.gmboardgames.com\/blog\/wp-content\/uploads\/2019\/11\/gml-fre-163-strona001-921x1024.jpg\"><img loading=\"lazy\" decoding=\"async\" width=\"921\" height=\"1024\" src=\"http:\/\/www.gmboardgames.com\/blog\/wp-content\/uploads\/2019\/11\/gml-fre-163-strona001-921x1024.jpg\" alt=\"\" data-id=\"12569\" data-link=\"http:\/\/www.gmboardgames.com\/blog\/gml-fre-163-strona001-2\/\" class=\"wp-image-12569\" srcset=\"http:\/\/www.gmboardgames.com\/blog\/wp-content\/uploads\/2019\/11\/gml-fre-163-strona001-921x1024.jpg 921w, http:\/\/www.gmboardgames.com\/blog\/wp-content\/uploads\/2019\/11\/gml-fre-163-strona001-270x300.jpg 270w, http:\/\/www.gmboardgames.com\/blog\/wp-content\/uploads\/2019\/11\/gml-fre-163-strona001-768x854.jpg 768w, http:\/\/www.gmboardgames.com\/blog\/wp-content\/uploads\/2019\/11\/gml-fre-163-strona001.jpg 1079w\" sizes=\"auto, (max-width: 921px) 100vw, 921px\" \/><\/a><\/figure><\/li><li class=\"blocks-gallery-item\"><figure><a href=\"http:\/\/www.gmboardgames.com\/blog\/wp-content\/uploads\/2019\/11\/gml-fre-163tyl-strona001-921x1024.jpg\"><img loading=\"lazy\" decoding=\"async\" width=\"921\" height=\"1024\" src=\"http:\/\/www.gmboardgames.com\/blog\/wp-content\/uploads\/2019\/11\/gml-fre-163tyl-strona001-921x1024.jpg\" alt=\"\" data-id=\"12570\" data-link=\"http:\/\/www.gmboardgames.com\/blog\/gml-fre-163tyl-strona001\/\" class=\"wp-image-12570\" srcset=\"http:\/\/www.gmboardgames.com\/blog\/wp-content\/uploads\/2019\/11\/gml-fre-163tyl-strona001-921x1024.jpg 921w, http:\/\/www.gmboardgames.com\/blog\/wp-content\/uploads\/2019\/11\/gml-fre-163tyl-strona001-270x300.jpg 270w, http:\/\/www.gmboardgames.com\/blog\/wp-content\/uploads\/2019\/11\/gml-fre-163tyl-strona001-768x854.jpg 768w, http:\/\/www.gmboardgames.com\/blog\/wp-content\/uploads\/2019\/11\/gml-fre-163tyl-strona001.jpg 1079w\" sizes=\"auto, (max-width: 921px) 100vw, 921px\" \/><\/a><\/figure><\/li><\/ul>\n\n\n\n<p><em>Kirasjerzy byli elit\u0105 francuskiej\narmii. Ta ci\u0119\u017cka kawaleria by\u0142a zdolna do przeprowadzenia pot\u0119\u017cnej\nszar\u017cy, kt\u00f3ra mog\u0142a rozbi\u0107 ka\u017cdy oddzia\u0142 przeciwnika. Zazwyczaj\ntrzymano ich w rezerwie i rzucano do walki, gdy przeciwnik by\u0142 ju\u017c\nos\u0142abiony.<\/em><\/p>\n\n\n\n<p>Zestaw umo\u017cliwia wystawienie 3 brygad kirasjer\u00f3w (w tym tak\u017ce kirasjer\u00f3w gwardii).<\/p>\n\n\n\n<p>Ten zestaw zawiera 27 figurek przedstawiaj\u0105cych francuskich kirasjer\u00f3w na koniach, w tym: 18 szeregowc\u00f3w, 3 chor\u0105\u017cych, 3 tr\u0119baczy i 3 oficer\u00f3w.  <\/p>\n\n\n\n<p><\/p>\n","protected":false},"excerpt":{"rendered":"<p>Francja jest 4 nacj\u0105, jaka pojawi\u0142a si\u0119 w grze i pierwsz\u0105, kt\u00f3rej zestawy od pocz\u0105tku by\u0142y drukowane w technologii 3D. Je\u015bli nie zaznaczono inaczej, to s\u0105 one wykonane w \u017cywicy.Figurki nie s\u0105 pomalowane.Klej, podstawki i flagi nie s\u0105 cz\u0119\u015bci\u0105 zestaw\u00f3w (chyba, \u017ce zaznaczono inaczej).Jak zawsze w przypadku zestaw\u00f3w metalowych, niekt\u00f3re cz\u0119\u015bci figurek mog\u0105 si\u0119 powygina\u0107 &hellip; <a href=\"http:\/\/www.gmboardgames.com\/blog\/zestawy-francuskie\/\" class=\"more-link\">Czytaj dalej <span class=\"screen-reader-text\">Zestawy francuskie<\/span> <span class=\"meta-nav\">&rarr;<\/span><\/a><\/p>\n","protected":false},"author":1,"featured_media":0,"parent":0,"menu_order":0,"comment_status":"closed","ping_status":"closed","template":"","meta":{"footnotes":""},"class_list":["post-12558","page","type-page","status-publish","hentry"],"_links":{"self":[{"href":"http:\/\/www.gmboardgames.com\/blog\/wp-json\/wp\/v2\/pages\/12558","targetHints":{"allow":["GET"]}}],"collection":[{"href":"http:\/\/www.gmboardgames.com\/blog\/wp-json\/wp\/v2\/pages"}],"about":[{"href":"http:\/\/www.gmboardgames.com\/blog\/wp-json\/wp\/v2\/types\/page"}],"author":[{"embeddable":true,"href":"http:\/\/www.gmboardgames.com\/blog\/wp-json\/wp\/v2\/users\/1"}],"replies":[{"embeddable":true,"href":"http:\/\/www.gmboardgames.com\/blog\/wp-json\/wp\/v2\/comments?post=12558"}],"version-history":[{"count":2,"href":"http:\/\/www.gmboardgames.com\/blog\/wp-json\/wp\/v2\/pages\/12558\/revisions"}],"predecessor-version":[{"id":12572,"href":"http:\/\/www.gmboardgames.com\/blog\/wp-json\/wp\/v2\/pages\/12558\/revisions\/12572"}],"wp:attachment":[{"href":"http:\/\/www.gmboardgames.com\/blog\/wp-json\/wp\/v2\/media?parent=12558"}],"curies":[{"name":"wp","href":"https:\/\/api.w.org\/{rel}","templated":true}]}}