{"id":10834,"date":"2018-12-22T14:19:14","date_gmt":"2018-12-22T14:19:14","guid":{"rendered":"http:\/\/www.gmboardgames.com\/blog\/?page_id=10834"},"modified":"2018-12-22T14:19:14","modified_gmt":"2018-12-22T14:19:14","slug":"brunszwik-1815","status":"publish","type":"page","link":"http:\/\/www.gmboardgames.com\/blog\/brunszwik-1815\/","title":{"rendered":"brunszwik 1815"},"content":{"rendered":"\n<p>Awangarda Brunszwiku na rok 1815 jest \njedn\u0105 z awangard dost\u0119pnych dla graczy, kt\u00f3rzy wybrali si\u0142y Wielkiej \nBrytanii, gdy\u017c si\u0142y brunszwickie wchodzi\u0142y w sk\u0142ad kontyngentu \ndowodzonego przez ksi\u0119cia Wellingtona w trakcie kampanii Waterloo.<\/p>\n\n\n\n<p>Dywizja ta sk\u0142ada si\u0119 z dw\u00f3ch pu\u0142k\u00f3w \npiechoty (liniowego i lekkiego), uzupe\u0142nionego batalionem jegr\u00f3w, pu\u0142ku \nhuzar\u00f3w, pu\u0142ku u\u0142an\u00f3w (2 szwadrony) i towarzysz\u0105cej artylerii. Jest to \nzatem awangarda nieliczna, ale mog\u0105ca by\u0107 bardzo dobrze wyszkolon\u0105 i \noperuj\u0105c\u0105 w\u015br\u00f3d sprzyjaj\u0105cych teren\u00f3w (graczom zostaje du\u017co punkt\u00f3w do \nwydania na weteran\u00f3w, czy tereny).<\/p>\n\n\n\n<p>Wszystkie zdj\u0119cia i malowanie figurek pochodz\u0105 od Jarka, autora bloga: <a href=\"http:\/\/wargamingowo.blogspot.com\">http:\/\/wargamingowo.blogspot.com<\/a><\/p>\n\n\n\n<p>Awangarda Brunszwiku na rok 1815:<\/p>\n\n\n\n<p><strong>Piechota.<\/strong><\/p>\n\n\n\n<div class=\"wp-block-image\"><figure class=\"aligncenter\"><a href=\"https:\/\/bogowiewojny.files.wordpress.com\/2015\/08\/br2linia.jpg\"><img decoding=\"async\" src=\"https:\/\/bogowiewojny.files.wordpress.com\/2015\/08\/br2linia.jpg?w=474&amp;h=315\" alt=\"br2linia\" class=\"wp-image-4681\"\/><\/a><\/figure><\/div>\n\n\n\n<p>Piechota liniowa \u2013 podstawk\u0105 jest zestaw \nfirmy HaT 8026 Brunswick Leib Infantry, mo\u017cna jednak\u017ce skomponowa\u0107 ich \nr\u00f3wnie\u017c z figurek metalowych firmy Newline: <a href=\"http:\/\/newlinedesigns.co.uk\/index.php?main_page=index&amp;cPath=410_415_421\">http:\/\/newlinedesigns.co.uk\/index.php?main_page=index&amp;cPath=410_415_421<\/a><br>\n<\/p>\n\n\n\n<div class=\"wp-block-image\"><figure class=\"aligncenter\"><a href=\"https:\/\/bogowiewojny.files.wordpress.com\/2015\/08\/br1lekka.jpg\"><img decoding=\"async\" src=\"https:\/\/bogowiewojny.files.wordpress.com\/2015\/08\/br1lekka.jpg?w=474&amp;h=315\" alt=\"br1lekka\" class=\"wp-image-4680\"\/><\/a><\/figure><\/div>\n\n\n\n<p>Piechota lekka \u2013 podobnie jak piechota liniowa, albo HaT, albo figurki metalowe.<br>\n<\/p>\n\n\n\n<div class=\"wp-block-image\"><figure class=\"aligncenter\"><a href=\"https:\/\/bogowiewojny.files.wordpress.com\/2015\/08\/br3-kpl2.jpg\"><img decoding=\"async\" src=\"https:\/\/bogowiewojny.files.wordpress.com\/2015\/08\/br3-kpl2.jpg?w=474&amp;h=315\" alt=\"br3 kpl2\" class=\"wp-image-4683\"\/><\/a><\/figure><\/div>\n\n\n\n<div class=\"wp-block-image\"><figure class=\"aligncenter\"><a href=\"https:\/\/bogowiewojny.files.wordpress.com\/2015\/08\/br3-kpl.jpg\"><img decoding=\"async\" src=\"https:\/\/bogowiewojny.files.wordpress.com\/2015\/08\/br3-kpl.jpg?w=474&amp;h=315\" alt=\"br3 kpl\" class=\"wp-image-4682\"\/><\/a><\/figure><\/div>\n\n\n\n<div class=\"wp-block-image\"><figure class=\"aligncenter\"><a href=\"https:\/\/bogowiewojny.files.wordpress.com\/2015\/08\/br3-kpl3.jpg\"><img decoding=\"async\" src=\"https:\/\/bogowiewojny.files.wordpress.com\/2015\/08\/br3-kpl3.jpg?w=474&amp;h=315\" alt=\"br3 kpl3\" class=\"wp-image-4684\"\/><\/a><\/figure><\/div>\n\n\n\n<p>Piechota w komplecie:<br>\n  <\/p>\n\n\n\n<div class=\"wp-block-image\"><figure class=\"aligncenter\"><a href=\"https:\/\/bogowiewojny.files.wordpress.com\/2015\/08\/huz01_zpsnpustp2xoriginal.jpg\"><img decoding=\"async\" src=\"https:\/\/bogowiewojny.files.wordpress.com\/2015\/08\/huz01_zpsnpustp2xoriginal.jpg?w=474&amp;h=315\" alt=\"HUZ01_zpsnpustp2x.jpg~original\" class=\"wp-image-4692\"\/><\/a><\/figure><\/div>\n\n\n\n<div class=\"wp-block-image\"><figure class=\"aligncenter\"><a href=\"https:\/\/bogowiewojny.files.wordpress.com\/2015\/08\/huz02_zpsdkuwndt4original.jpg\"><img decoding=\"async\" src=\"https:\/\/bogowiewojny.files.wordpress.com\/2015\/08\/huz02_zpsdkuwndt4original.jpg?w=474&amp;h=315\" alt=\"HUZ02_zpsdkuwndt4.jpg~original\" class=\"wp-image-4693\"\/><\/a><\/figure><\/div>\n\n\n\n<p><strong>Kawaleria.<br>\n<\/strong>Huzarzy \u2013 Jarek skomponowa\u0142 ich w nast\u0119puj\u0105cy spos\u00f3b: 3 figurki\n huzar\u00f3w z zestawu HaT Set 8174 Brunswick Cavalry, jeden model to huzar z\n zestawu Italeri z dorobion\u0105 kit\u0105 na czako. Podobnie jak przy piechocie \nmo\u017cna u\u017cy\u0107 metalowe figurki firmy Newline.<br>\n <\/p>\n\n\n\n<div class=\"wp-block-image\"><figure class=\"aligncenter\"><a href=\"https:\/\/bogowiewojny.files.wordpress.com\/2015\/08\/u01_zpstz88uajr.jpg\"><img decoding=\"async\" src=\"https:\/\/bogowiewojny.files.wordpress.com\/2015\/08\/u01_zpstz88uajr.jpg?w=474&amp;h=315\" alt=\"U01_zpstz88uajr\" class=\"wp-image-4694\"\/><\/a><\/figure><\/div>\n\n\n\n<div class=\"wp-block-image\"><figure class=\"aligncenter\"><a href=\"https:\/\/bogowiewojny.files.wordpress.com\/2015\/08\/ul02_zps6zcfrarz.jpg\"><img decoding=\"async\" src=\"https:\/\/bogowiewojny.files.wordpress.com\/2015\/08\/ul02_zps6zcfrarz.jpg?w=474&amp;h=315\" alt=\"UL02_zps6zcfrarz\" class=\"wp-image-4695\"\/><\/a><\/figure><\/div>\n\n\n\n<p>U\u0142ani \u2013 pochodz\u0105 z zestawu Italeri Set 6039 Dutch-Polish Lancers.<br>\n <\/p>\n\n\n\n<p><strong>Artyleria.<\/strong><\/p>\n\n\n\n<div class=\"wp-block-image\"><figure class=\"aligncenter\"><a href=\"https:\/\/bogowiewojny.files.wordpress.com\/2015\/08\/art01.jpg\"><img decoding=\"async\" src=\"https:\/\/bogowiewojny.files.wordpress.com\/2015\/08\/art01.jpg?w=474&amp;h=315\" alt=\"ART01\" class=\"wp-image-4677\"\/><\/a><\/figure><\/div>\n\n\n\n<div class=\"wp-block-image\"><figure class=\"aligncenter\"><a href=\"https:\/\/bogowiewojny.files.wordpress.com\/2015\/08\/art03.jpg\"><img decoding=\"async\" src=\"https:\/\/bogowiewojny.files.wordpress.com\/2015\/08\/art03.jpg?w=474&amp;h=315\" alt=\"ART03\" class=\"wp-image-4679\"\/><\/a><\/figure><\/div>\n\n\n\n<div class=\"wp-block-image\"><figure class=\"aligncenter\"><a href=\"https:\/\/bogowiewojny.files.wordpress.com\/2015\/08\/art02.jpg\"><img decoding=\"async\" src=\"https:\/\/bogowiewojny.files.wordpress.com\/2015\/08\/art02.jpg?w=474&amp;h=315\" alt=\"ART02\" class=\"wp-image-4678\"\/><\/a><\/figure><\/div>\n\n\n\n<p>Artyleria Brunszwiku jest nieco bardziej \nwymagaj\u0105ca do zrobienia. Jarek stworzy\u0142 j\u0105 nast\u0119puj\u0105co: \u201eJako kanonier\u00f3w\n artylerii pieszej u\u017cy\u0142em figurek z zestawu HaT \u2013 piechoty Brunszwiku \n(oficer i kanonier wyjmuj\u0105cy wycior z wiadra).<br>\nW artylerii konnej stoj\u0105 kanonierzy z zestawu francuskiej artylerii \nkonnej, kt\u00f3rym da\u0142em g\u0142owy z zestawu piechoty brunszwickiej HaT.<br>\nDzia\u0142a z zestawu francuskiej artylerii konnej Italeri\u201d.<br>\nZestaw artylerii konnej Italeri to: Italeri Set 6018 French Line\/Guard Artillery.<br>\n  <\/p>\n\n\n\n<p><strong>Generalicja.<\/strong><\/p>\n\n\n\n<div class=\"wp-block-image\"><figure class=\"aligncenter\"><a href=\"https:\/\/bogowiewojny.files.wordpress.com\/2015\/08\/005.jpg\"><img decoding=\"async\" src=\"https:\/\/bogowiewojny.files.wordpress.com\/2015\/08\/005.jpg?w=474&amp;h=315\" alt=\"005\" class=\"wp-image-4676\"\/><\/a><\/figure><\/div>\n\n\n\n<p>Ksi\u0105\u017c\u0119 Brunszwiku jako genera\u0142 (awangarda\n Jarka uczestniczy\u0142a w odtworzeniu bitwy pod Quatre Bras jako jedna z \ndywizji korpusu). Ksi\u0105\u017c\u0119 pochodzi z zestawu firmy Waterloo 1815 Set 028 \nNapoleonic Mounted Line Officers.<br>\n<\/p>\n\n\n\n<p>Tworz\u0105c t\u0105 dywizj\u0119 pod zwyk\u0142\u0105 awangard\u0119, \ntrzeba jej da\u0107 wodza na podstawce 4\u00d74 \u2013 ksi\u0119cia Brunszwiku, albo np. \nKsi\u0119cia Ora\u0144skiego, kt\u00f3ry dowodzi\u0142 przez pierwsz\u0105 cz\u0119\u015b\u0107 bitwy pod Quatre\n Bras ca\u0142ymi si\u0142ami aliant\u00f3w:<\/p>\n\n\n\n<figure class=\"wp-block-image\"><a href=\"https:\/\/bogowiewojny.files.wordpress.com\/2015\/08\/001.jpg\"><img decoding=\"async\" src=\"https:\/\/bogowiewojny.files.wordpress.com\/2015\/08\/001.jpg?w=474&amp;h=315\" alt=\"001\" class=\"wp-image-4674\"\/><\/a><figcaption>A po lewej stronie genera\u0142 Picton, jako dow\u00f3dca korpusu.<\/figcaption><\/figure>\n\n\n\n<div class=\"wp-block-image\"><figure class=\"aligncenter\"><a href=\"https:\/\/bogowiewojny.files.wordpress.com\/2015\/08\/004.jpg\"><img decoding=\"async\" src=\"https:\/\/bogowiewojny.files.wordpress.com\/2015\/08\/004.jpg?w=474&amp;h=315\" alt=\"004\" class=\"wp-image-4675\"\/><\/a><\/figure><\/div>\n\n\n\n<div class=\"wp-block-image\"><figure class=\"aligncenter\"><a href=\"https:\/\/bogowiewojny.files.wordpress.com\/2015\/08\/brun01.jpg\"><img decoding=\"async\" src=\"https:\/\/bogowiewojny.files.wordpress.com\/2015\/08\/brun01.jpg?w=474&amp;h=175\" alt=\"BRUN01\" class=\"wp-image-4685\"\/><\/a><\/figure><\/div>\n\n\n\n<div class=\"wp-block-image\"><figure class=\"aligncenter\"><a href=\"https:\/\/bogowiewojny.files.wordpress.com\/2015\/08\/brun4.jpg\"><img decoding=\"async\" src=\"https:\/\/bogowiewojny.files.wordpress.com\/2015\/08\/brun4.jpg?w=474&amp;h=247\" alt=\"BRUN4\" class=\"wp-image-4686\"\/><\/a><\/figure><\/div>\n\n\n\n<div class=\"wp-block-image\"><figure class=\"aligncenter\"><a href=\"https:\/\/bogowiewojny.files.wordpress.com\/2015\/08\/brun7.jpg\"><img decoding=\"async\" src=\"https:\/\/bogowiewojny.files.wordpress.com\/2015\/08\/brun7.jpg?w=474&amp;h=315\" alt=\"BRUN7\" class=\"wp-image-4689\"\/><\/a><\/figure><\/div>\n\n\n\n<div class=\"wp-block-image\"><figure class=\"aligncenter\"><a href=\"https:\/\/bogowiewojny.files.wordpress.com\/2015\/08\/brun6.jpg\"><img decoding=\"async\" src=\"https:\/\/bogowiewojny.files.wordpress.com\/2015\/08\/brun6.jpg?w=474&amp;h=315\" alt=\"BRUN6\" class=\"wp-image-4688\"\/><\/a><\/figure><\/div>\n\n\n\n<div class=\"wp-block-image\"><figure class=\"aligncenter\"><a href=\"https:\/\/bogowiewojny.files.wordpress.com\/2015\/08\/brun5.jpg\"><img decoding=\"async\" src=\"https:\/\/bogowiewojny.files.wordpress.com\/2015\/08\/brun5.jpg?w=474&amp;h=315\" alt=\"BRUN5\" class=\"wp-image-4687\"\/><\/a><\/figure><\/div>\n\n\n\n<div class=\"wp-block-image\"><figure class=\"aligncenter\"><a href=\"https:\/\/bogowiewojny.files.wordpress.com\/2015\/08\/brun8.jpg\"><img decoding=\"async\" src=\"https:\/\/bogowiewojny.files.wordpress.com\/2015\/08\/brun8.jpg?w=474&amp;h=315\" alt=\"BRUN8\" class=\"wp-image-4690\"\/><\/a><\/figure><\/div>\n\n\n\n<div class=\"wp-block-image\"><figure class=\"aligncenter\"><a href=\"https:\/\/bogowiewojny.files.wordpress.com\/2015\/08\/brun9.jpg\"><img decoding=\"async\" src=\"https:\/\/bogowiewojny.files.wordpress.com\/2015\/08\/brun9.jpg?w=474&amp;h=219\" alt=\"BRUN9\" class=\"wp-image-4691\"\/><\/a><\/figure><\/div>\n\n\n\n<p>Wreszcie awangarda w ca\u0142ej okaza\u0142o\u015bci:<br>\n      <\/p>\n","protected":false},"excerpt":{"rendered":"<p>Awangarda Brunszwiku na rok 1815 jest jedn\u0105 z awangard dost\u0119pnych dla graczy, kt\u00f3rzy wybrali si\u0142y Wielkiej Brytanii, gdy\u017c si\u0142y brunszwickie wchodzi\u0142y w sk\u0142ad kontyngentu dowodzonego przez ksi\u0119cia Wellingtona w trakcie kampanii Waterloo. Dywizja ta sk\u0142ada si\u0119 z dw\u00f3ch pu\u0142k\u00f3w piechoty (liniowego i lekkiego), uzupe\u0142nionego batalionem jegr\u00f3w, pu\u0142ku huzar\u00f3w, pu\u0142ku u\u0142an\u00f3w (2 szwadrony) i towarzysz\u0105cej artylerii. &hellip; <a href=\"http:\/\/www.gmboardgames.com\/blog\/brunszwik-1815\/\" class=\"more-link\">Czytaj dalej <span class=\"screen-reader-text\">brunszwik 1815<\/span> <span class=\"meta-nav\">&rarr;<\/span><\/a><\/p>\n","protected":false},"author":1,"featured_media":0,"parent":0,"menu_order":0,"comment_status":"closed","ping_status":"closed","template":"","meta":{"footnotes":""},"class_list":["post-10834","page","type-page","status-publish","hentry"],"_links":{"self":[{"href":"http:\/\/www.gmboardgames.com\/blog\/wp-json\/wp\/v2\/pages\/10834","targetHints":{"allow":["GET"]}}],"collection":[{"href":"http:\/\/www.gmboardgames.com\/blog\/wp-json\/wp\/v2\/pages"}],"about":[{"href":"http:\/\/www.gmboardgames.com\/blog\/wp-json\/wp\/v2\/types\/page"}],"author":[{"embeddable":true,"href":"http:\/\/www.gmboardgames.com\/blog\/wp-json\/wp\/v2\/users\/1"}],"replies":[{"embeddable":true,"href":"http:\/\/www.gmboardgames.com\/blog\/wp-json\/wp\/v2\/comments?post=10834"}],"version-history":[{"count":1,"href":"http:\/\/www.gmboardgames.com\/blog\/wp-json\/wp\/v2\/pages\/10834\/revisions"}],"predecessor-version":[{"id":10835,"href":"http:\/\/www.gmboardgames.com\/blog\/wp-json\/wp\/v2\/pages\/10834\/revisions\/10835"}],"wp:attachment":[{"href":"http:\/\/www.gmboardgames.com\/blog\/wp-json\/wp\/v2\/media?parent=10834"}],"curies":[{"name":"wp","href":"https:\/\/api.w.org\/{rel}","templated":true}]}}