{"id":10804,"date":"2018-12-17T10:50:25","date_gmt":"2018-12-17T10:50:25","guid":{"rendered":"http:\/\/www.gmboardgames.com\/blog\/?page_id=10804"},"modified":"2023-04-16T17:03:44","modified_gmt":"2023-04-16T15:03:44","slug":"sprzedaz-shop","status":"publish","type":"page","link":"http:\/\/www.gmboardgames.com\/blog\/sprzedaz-shop\/","title":{"rendered":"Sprzeda\u017c"},"content":{"rendered":"\n<p><strong>Od dnia 9 lipca 2018 roku Bolter.pl zosta\u0142 oficjalnym dystrybutorem produkt\u00f3w GM Boardgames.&nbsp;<\/strong>Od tej pory strona <a href=\"http:\/\/www.gmboardgames.com\">http:\/\/www.gmboardgames.com<\/a> przestaje prowadzi\u0107 sprzeda\u017c produkt\u00f3w, nie b\u0119d\u0105 one tak\u017ce dost\u0119pne poprzez nasz e-bay, czy zam\u00f3wienia mailowe. Ca\u0142\u0105 dystrybucj\u0119 i sprzeda\u017c b\u0119dzie prowadzi\u0107 Bolter.pl<\/p>\n\n\n\n<p>Strona sklepu: <a href=\"https:\/\/www.bolter.pl\/\">https:\/\/www.bolter.pl\/<\/a><br><\/p>\n\n\n\n<p>Strona z zestawami do gier z serii Bogowie wojny (Lee i Togo): <a href=\"https:\/\/bolter.pl\/pl\/c\/BOGOWIE-WOJNY\/1832\" data-type=\"URL\" data-id=\"https:\/\/bolter.pl\/pl\/c\/BOGOWIE-WOJNY\/1832\">https:\/\/bolter.pl\/pl\/c\/BOGOWIE-WOJNY\/1832<\/a><br><\/p>\n\n\n\n<p><\/p>\n","protected":false},"excerpt":{"rendered":"<p>Od dnia 9 lipca 2018 roku Bolter.pl zosta\u0142 oficjalnym dystrybutorem produkt\u00f3w GM Boardgames.&nbsp;Od tej pory strona http:\/\/www.gmboardgames.com przestaje prowadzi\u0107 sprzeda\u017c produkt\u00f3w, nie b\u0119d\u0105 one tak\u017ce dost\u0119pne poprzez nasz e-bay, czy zam\u00f3wienia mailowe. Ca\u0142\u0105 dystrybucj\u0119 i sprzeda\u017c b\u0119dzie prowadzi\u0107 Bolter.pl Strona sklepu: https:\/\/www.bolter.pl\/ Strona z zestawami do gier z serii Bogowie wojny (Lee i Togo): https:\/\/bolter.pl\/pl\/c\/BOGOWIE-WOJNY\/1832<\/p>\n","protected":false},"author":1,"featured_media":10408,"parent":0,"menu_order":0,"comment_status":"closed","ping_status":"closed","template":"","meta":{"footnotes":""},"class_list":["post-10804","page","type-page","status-publish","has-post-thumbnail","hentry"],"_links":{"self":[{"href":"http:\/\/www.gmboardgames.com\/blog\/wp-json\/wp\/v2\/pages\/10804","targetHints":{"allow":["GET"]}}],"collection":[{"href":"http:\/\/www.gmboardgames.com\/blog\/wp-json\/wp\/v2\/pages"}],"about":[{"href":"http:\/\/www.gmboardgames.com\/blog\/wp-json\/wp\/v2\/types\/page"}],"author":[{"embeddable":true,"href":"http:\/\/www.gmboardgames.com\/blog\/wp-json\/wp\/v2\/users\/1"}],"replies":[{"embeddable":true,"href":"http:\/\/www.gmboardgames.com\/blog\/wp-json\/wp\/v2\/comments?post=10804"}],"version-history":[{"count":5,"href":"http:\/\/www.gmboardgames.com\/blog\/wp-json\/wp\/v2\/pages\/10804\/revisions"}],"predecessor-version":[{"id":15245,"href":"http:\/\/www.gmboardgames.com\/blog\/wp-json\/wp\/v2\/pages\/10804\/revisions\/15245"}],"wp:featuredmedia":[{"embeddable":true,"href":"http:\/\/www.gmboardgames.com\/blog\/wp-json\/wp\/v2\/media\/10408"}],"wp:attachment":[{"href":"http:\/\/www.gmboardgames.com\/blog\/wp-json\/wp\/v2\/media?parent=10804"}],"curies":[{"name":"wp","href":"https:\/\/api.w.org\/{rel}","templated":true}]}}